{"id":10036,"date":"2024-09-14T23:15:39","date_gmt":"2024-09-14T21:15:39","guid":{"rendered":"https:\/\/levriers-du-sud.org\/boutique\/?page_id=10036"},"modified":"2025-02-06T12:49:27","modified_gmt":"2025-02-06T11:49:27","slug":"les-polaires","status":"publish","type":"page","link":"https:\/\/levriers-du-sud.org\/boutique\/les-polaires\/","title":{"rendered":"<h1><span style=\"color: #eb542b;\"><strong>LES POLAIRES<\/strong><\/span><\/h1>"},"content":{"rendered":"<p>Les manteaux sont en polaire \u00e9paisse, comprenant une sangle couvrant le poitrail qui s\u2019attache sur le dos.<\/p>\n<p>Certains manteaux sont pour des l\u00e9vriers de petites tailles, malgr\u00e9 tout, port\u00e9s sur mannequin pour le rendu.<\/p>\n<p>N&rsquo;oubliez pas de v\u00e9rifier les mesures avant de commander<\/p>\n<p>&nbsp;<\/p>\n<p>LE PRIX DE NOS MANTEAUX POLAIRES EST UNIQUE<\/p>\n<p><span style=\"text-decoration: underline;\"><strong>35 \u20ac frais de port inclus<\/strong><\/span>\u00a0via Mondial Relay (+ 3 \u20ac via La Poste, avec suivi et sans signature)<\/p>\n<p>Pour toutes commandes ou questions, veuillez nous envoyer le nom de l&rsquo;article concern\u00e9 par mail \u00e0 <a href=\"mailto:boutiquelds@gmail.com\">boutiquelds@gmail.com<\/a> et suivre les instructions que vous trouverez dans l&rsquo;onglet <a href=\"https:\/\/levriers-du-sud.org\/boutique\/commander\/\">\u00ab\u00a0COMMANDER\u00a0\u00bb<\/a><\/p>\n<p>&nbsp;<\/p>\n<p><strong><span style=\"color: #eb542b;\">VEILLEZ A BIEN PRENDRE LES DIMENSIONS POUR CHOISIR LA TAILLE<\/span><\/strong><\/p>\n<p><strong><span style=\"color: #eb542b;\">NI REPRIS \u2013 NI ECHANGE \u2013 NI REMBOURSE<\/span><\/strong><\/p>\n<p>&nbsp;<\/p>\n<table class=\" aligncenter\" style=\"height: 342px;\" width=\"829\">\n<tbody>\n<tr>\n<td><img loading=\"lazy\" decoding=\"async\" class=\"aligncenter wp-image-10042 \" src=\"https:\/\/levriers-du-sud.org\/boutique\/wp-content\/uploads\/2024\/09\/Manteau-polaire-Dakar-300x161.jpg\" alt=\"Manteau l\u00e9vrier galgo podenco polaire verte claire col gris \" width=\"381\" height=\"204\" srcset=\"https:\/\/levriers-du-sud.org\/boutique\/wp-content\/uploads\/2024\/09\/Manteau-polaire-Dakar-300x161.jpg 300w, https:\/\/levriers-du-sud.org\/boutique\/wp-content\/uploads\/2024\/09\/Manteau-polaire-Dakar.jpg 701w\" sizes=\"(max-width: 381px) 100vw, 381px\" \/><\/td>\n<td><img loading=\"lazy\" decoding=\"async\" class=\"aligncenter wp-image-10043 \" src=\"https:\/\/levriers-du-sud.org\/boutique\/wp-content\/uploads\/2024\/09\/Manteau-polaire-Salsa-300x141.jpg\" alt=\"Manteau l\u00e9vrier galgo podenco polaire rose claire col z\u00e9br\u00e9\" width=\"433\" height=\"204\" srcset=\"https:\/\/levriers-du-sud.org\/boutique\/wp-content\/uploads\/2024\/09\/Manteau-polaire-Salsa-300x141.jpg 300w, https:\/\/levriers-du-sud.org\/boutique\/wp-content\/uploads\/2024\/09\/Manteau-polaire-Salsa.jpg 723w\" sizes=\"(max-width: 433px) 100vw, 433px\" \/><\/td>\n<\/tr>\n<tr>\n<td style=\"text-align: center;\"><em><strong>Dakar<\/strong><\/em><br class=\"html-br\" \/><br class=\"html-br\" \/>Polaire verte claire, col gris, biais noir<br class=\"html-br\" \/><br class=\"html-br\" \/>Longueur : dos 46 cm, torse 44 cm<\/td>\n<td style=\"text-align: center;\"><em><strong>Salsa<\/strong><\/em><br class=\"html-br\" \/><br class=\"html-br\" \/>Polaire rose claire, col z\u00e9br\u00e9, biais noir<br class=\"html-br\" \/><br class=\"html-br\" \/>Longueur : dos 48 cm, torse 44 cm<\/td>\n<\/tr>\n<\/tbody>\n<\/table>\n<p>&nbsp;<\/p>\n<table class=\" aligncenter\" style=\"height: 343px;\" width=\"794\">\n<tbody>\n<tr>\n<td><img loading=\"lazy\" decoding=\"async\" class=\"aligncenter wp-image-10044 \" src=\"https:\/\/levriers-du-sud.org\/boutique\/wp-content\/uploads\/2024\/09\/Manteau-polaire-Scott-300x149.jpg\" alt=\"Manteau l\u00e9vrier galgo podenco polaire grise col vert\" width=\"412\" height=\"204\" srcset=\"https:\/\/levriers-du-sud.org\/boutique\/wp-content\/uploads\/2024\/09\/Manteau-polaire-Scott-300x149.jpg 300w, https:\/\/levriers-du-sud.org\/boutique\/wp-content\/uploads\/2024\/09\/Manteau-polaire-Scott-768x382.jpg 768w, https:\/\/levriers-du-sud.org\/boutique\/wp-content\/uploads\/2024\/09\/Manteau-polaire-Scott.jpg 783w\" sizes=\"(max-width: 412px) 100vw, 412px\" \/><\/td>\n<td><img loading=\"lazy\" decoding=\"async\" class=\"aligncenter wp-image-10050 \" src=\"https:\/\/levriers-du-sud.org\/boutique\/wp-content\/uploads\/2024\/09\/Manteau-polaire-Angy-1-300x167.jpg\" alt=\"Manteau l\u00e9vrier galgo podenco polaire verte col vert doubl\u00e9 motifs\" width=\"366\" height=\"204\" srcset=\"https:\/\/levriers-du-sud.org\/boutique\/wp-content\/uploads\/2024\/09\/Manteau-polaire-Angy-1-300x167.jpg 300w, https:\/\/levriers-du-sud.org\/boutique\/wp-content\/uploads\/2024\/09\/Manteau-polaire-Angy-1-768x427.jpg 768w, https:\/\/levriers-du-sud.org\/boutique\/wp-content\/uploads\/2024\/09\/Manteau-polaire-Angy-1.jpg 800w\" sizes=\"(max-width: 366px) 100vw, 366px\" \/><\/td>\n<\/tr>\n<tr>\n<td style=\"text-align: center;\"><em><strong>Scott<\/strong><\/em><br class=\"html-br\" \/><br class=\"html-br\" \/>Polaire grise, col vert, biais noir<br class=\"html-br\" \/><br class=\"html-br\" \/>Longueur : dos 46 cm, torse 44 cm<\/td>\n<td style=\"text-align: center;\"><em><strong>Angy<\/strong><\/em><br class=\"html-br\" \/><br class=\"html-br\" \/>Polaire verte, col vert doubl\u00e9 motifs, biais noir<br class=\"html-br\" \/><br class=\"html-br\" \/>Longueur : dos 67 cm, torse 56 cm<\/td>\n<\/tr>\n<\/tbody>\n<\/table>\n<p>&nbsp;<\/p>\n","protected":false},"excerpt":{"rendered":"<p>Les manteaux sont en polaire \u00e9paisse, comprenant une sangle couvrant le poitrail qui s\u2019attache sur le dos. Certains manteaux sont<\/p>\n","protected":false},"author":2,"featured_media":0,"parent":0,"menu_order":0,"comment_status":"closed","ping_status":"closed","template":"","meta":{"footnotes":""},"class_list":["post-10036","page","type-page","status-publish","hentry"],"_links":{"self":[{"href":"https:\/\/levriers-du-sud.org\/boutique\/wp-json\/wp\/v2\/pages\/10036"}],"collection":[{"href":"https:\/\/levriers-du-sud.org\/boutique\/wp-json\/wp\/v2\/pages"}],"about":[{"href":"https:\/\/levriers-du-sud.org\/boutique\/wp-json\/wp\/v2\/types\/page"}],"author":[{"embeddable":true,"href":"https:\/\/levriers-du-sud.org\/boutique\/wp-json\/wp\/v2\/users\/2"}],"replies":[{"embeddable":true,"href":"https:\/\/levriers-du-sud.org\/boutique\/wp-json\/wp\/v2\/comments?post=10036"}],"version-history":[{"count":9,"href":"https:\/\/levriers-du-sud.org\/boutique\/wp-json\/wp\/v2\/pages\/10036\/revisions"}],"predecessor-version":[{"id":10644,"href":"https:\/\/levriers-du-sud.org\/boutique\/wp-json\/wp\/v2\/pages\/10036\/revisions\/10644"}],"wp:attachment":[{"href":"https:\/\/levriers-du-sud.org\/boutique\/wp-json\/wp\/v2\/media?parent=10036"}],"curies":[{"name":"wp","href":"https:\/\/api.w.org\/{rel}","templated":true}]}}