{"id":10552,"date":"2025-02-04T22:48:50","date_gmt":"2025-02-04T21:48:50","guid":{"rendered":"https:\/\/levriers-du-sud.org\/boutique\/?page_id=10552"},"modified":"2025-02-04T22:48:50","modified_gmt":"2025-02-04T21:48:50","slug":"destockage-pour-nous","status":"publish","type":"page","link":"https:\/\/levriers-du-sud.org\/boutique\/destockage-pour-nous\/","title":{"rendered":"<h1><span style=\"color: #eb542b;\"><strong>\u2728 DESTOCKAGE POUR NOUS \u2728<\/strong><\/span><\/h1>"},"content":{"rendered":"<h3><\/h3>\n<h3><\/h3>\n<h3>Pour tout achat \u00e0 partir de <strong>(*)<\/strong>:<\/h3>\n<h3><span style=\"color: #ff6600;\"><strong>10 \u20ac = &#8211; 10 %<\/strong><\/span><br \/>\n<span style=\"color: #ff00ff;\"><strong>15 \u20ac = &#8211; 15 %<\/strong><\/span><br \/>\n<span style=\"color: #008000;\"><strong>20 \u20ac = &#8211; 20 %<\/strong><\/span><br \/>\n<span style=\"color: #3366ff;\"><strong>25 \u20ac ou plus = &#8211; 25 %<\/strong><\/span><\/h3>\n<p><strong>(*)<\/strong> Prix affich\u00e9s hors remise, r\u00e9duction faite hors frais de port<\/p>\n<p>&nbsp;<\/p>\n<p>Ici vous trouverez EN PERMANENCE tous nos articles \u00e0 prix brad\u00e9s !<\/p>\n<p>Si vous souhaitez vous faire plaisir tout en faisant plaisir \u00e0 votre porte-monnaie, c&rsquo;est ici que \u00e7a se passe !<br \/>\nEt m\u00eame en achetant \u00e0 prix cass\u00e9s vous aidez nos loulous rest\u00e9s en refuge !<\/p>\n<p>Pour toute commande ou renseignement, envoyez-nous un mail avec le nom de l&rsquo;article \u00e0\u00a0<a href=\"mailto:boutiquelds@gmail.com\">boutiquelds@gmail.com<\/a>\u00a0(les informations concernant le r\u00e8glement sont dans l&rsquo;onglet \u00ab\u00a0COMMANDER\u00a0\u00bb).<\/p>\n<p>Envoi possible via La Poste, Mondial Relay ou Relais Colis, merci de pr\u00e9ciser lors de la commande.<\/p>\n<p>&nbsp;<\/p>\n<p>&nbsp;<\/p>\n<table>\n<tbody>\n<tr>\n<td><a href=\"https:\/\/levriers-du-sud.org\/boutique\/destockage-accessoires\/\"><img loading=\"lazy\" decoding=\"async\" class=\" wp-image-10512 aligncenter\" src=\"https:\/\/levriers-du-sud.org\/boutique\/wp-content\/uploads\/2025\/02\/Piluliers-1-2-3-4-5-6-7-6-E-300x300.jpg\" alt=\"\" width=\"302\" height=\"302\" srcset=\"https:\/\/levriers-du-sud.org\/boutique\/wp-content\/uploads\/2025\/02\/Piluliers-1-2-3-4-5-6-7-6-E-300x300.jpg 300w, https:\/\/levriers-du-sud.org\/boutique\/wp-content\/uploads\/2025\/02\/Piluliers-1-2-3-4-5-6-7-6-E-150x150.jpg 150w, https:\/\/levriers-du-sud.org\/boutique\/wp-content\/uploads\/2025\/02\/Piluliers-1-2-3-4-5-6-7-6-E.jpg 673w\" sizes=\"(max-width: 302px) 100vw, 302px\" \/><\/a><\/td>\n<td><a href=\"https:\/\/levriers-du-sud.org\/boutique\/destockage-bijoux\/\"><img loading=\"lazy\" decoding=\"async\" class=\" wp-image-10553 aligncenter\" src=\"https:\/\/levriers-du-sud.org\/boutique\/wp-content\/uploads\/2025\/02\/Colliers-COLORES-9-5-E-300x300.jpg\" alt=\"\" width=\"302\" height=\"302\" srcset=\"https:\/\/levriers-du-sud.org\/boutique\/wp-content\/uploads\/2025\/02\/Colliers-COLORES-9-5-E-300x300.jpg 300w, https:\/\/levriers-du-sud.org\/boutique\/wp-content\/uploads\/2025\/02\/Colliers-COLORES-9-5-E-150x150.jpg 150w, https:\/\/levriers-du-sud.org\/boutique\/wp-content\/uploads\/2025\/02\/Colliers-COLORES-9-5-E.jpg 623w\" sizes=\"(max-width: 302px) 100vw, 302px\" \/><\/a><\/td>\n<td><a href=\"https:\/\/levriers-du-sud.org\/boutique\/destockage-porte-clefs\/\"><img loading=\"lazy\" decoding=\"async\" class=\" wp-image-10554 aligncenter\" src=\"https:\/\/levriers-du-sud.org\/boutique\/wp-content\/uploads\/2025\/02\/Porte-clef-5-3-E.jpg\" alt=\"\" width=\"152\" height=\"302\" \/><\/a><\/td>\n<\/tr>\n<tr>\n<td style=\"text-align: center;\"><a href=\"https:\/\/levriers-du-sud.org\/boutique\/destockage-accessoires\/\"><b>LES ACCESSOIRES<\/b><\/a><\/td>\n<td style=\"text-align: center;\"><a href=\"https:\/\/levriers-du-sud.org\/boutique\/destockage-bijoux\/\"><strong>LES BIJOUX<\/strong><\/a><\/td>\n<td style=\"text-align: center;\"><a href=\"https:\/\/levriers-du-sud.org\/boutique\/destockage-porte-clefs\/\"><strong>LES PORTE-CLEFS<\/strong><\/a><\/td>\n<\/tr>\n<\/tbody>\n<\/table>\n","protected":false},"excerpt":{"rendered":"<p>Pour tout achat \u00e0 partir de (*): 10 \u20ac = &#8211; 10 % 15 \u20ac = &#8211; 15 % 20<\/p>\n","protected":false},"author":2,"featured_media":0,"parent":0,"menu_order":0,"comment_status":"closed","ping_status":"closed","template":"","meta":{"footnotes":""},"class_list":["post-10552","page","type-page","status-publish","hentry"],"_links":{"self":[{"href":"https:\/\/levriers-du-sud.org\/boutique\/wp-json\/wp\/v2\/pages\/10552"}],"collection":[{"href":"https:\/\/levriers-du-sud.org\/boutique\/wp-json\/wp\/v2\/pages"}],"about":[{"href":"https:\/\/levriers-du-sud.org\/boutique\/wp-json\/wp\/v2\/types\/page"}],"author":[{"embeddable":true,"href":"https:\/\/levriers-du-sud.org\/boutique\/wp-json\/wp\/v2\/users\/2"}],"replies":[{"embeddable":true,"href":"https:\/\/levriers-du-sud.org\/boutique\/wp-json\/wp\/v2\/comments?post=10552"}],"version-history":[{"count":5,"href":"https:\/\/levriers-du-sud.org\/boutique\/wp-json\/wp\/v2\/pages\/10552\/revisions"}],"predecessor-version":[{"id":10620,"href":"https:\/\/levriers-du-sud.org\/boutique\/wp-json\/wp\/v2\/pages\/10552\/revisions\/10620"}],"wp:attachment":[{"href":"https:\/\/levriers-du-sud.org\/boutique\/wp-json\/wp\/v2\/media?parent=10552"}],"curies":[{"name":"wp","href":"https:\/\/api.w.org\/{rel}","templated":true}]}}