{"id":11338,"date":"2025-10-27T18:19:39","date_gmt":"2025-10-27T17:19:39","guid":{"rendered":"https:\/\/levriers-du-sud.org\/boutique\/?page_id=11338"},"modified":"2026-01-05T15:56:51","modified_gmt":"2026-01-05T14:56:51","slug":"calendriers-de-bureau-galgos-2026","status":"publish","type":"page","link":"https:\/\/levriers-du-sud.org\/boutique\/calendriers-de-bureau-galgos-2026\/","title":{"rendered":"<h1><span style=\"color: #eb542b;\"><strong>Calendriers de bureau Galgos &#8211; 2026 &#8211;<\/strong><\/span><\/h1>"},"content":{"rendered":"<h2>\u2013 50 % SUR LES AGENDAS ET CALENDRIERS (hors frais de port)<\/h2>\n<h3 data-start=\"1273\" data-end=\"1402\"><br data-start=\"1306\" data-end=\"1309\" \/>Le <strong data-start=\"1312\" data-end=\"1348\">calendrier de bureau Galgos 2026<\/strong> est enfin pr\u00eat \u00e0 rejoindre vos tables de travail<\/h3>\n<p data-start=\"1404\" data-end=\"1619\">Cette ann\u00e9e, <strong data-start=\"1417\" data-end=\"1430\">Christine<\/strong> reprend la cr\u00e9ation avec son \u0153il sensible et plein de douceur<\/p>\n<p data-start=\"1404\" data-end=\"1619\"><br data-start=\"1495\" data-end=\"1498\" \/>Chaque mois met \u00e0 l\u2019honneur nos magnifiques <strong data-start=\"1542\" data-end=\"1560\">galgos adopt\u00e9s<\/strong>, immortalis\u00e9s dans de superbes clich\u00e9s pleins d\u2019\u00e9motion.<\/p>\n<p data-start=\"1621\" data-end=\"1748\"><del><strong>12 \u20ac<\/strong><\/del> <strong>6 \u20ac <\/strong>+ frais de port<\/p>\n<p data-start=\"1621\" data-end=\"1748\">Envoi possible via <strong data-start=\"1673\" data-end=\"1685\">La Poste<\/strong> ou <strong data-start=\"1689\" data-end=\"1706\">Mondial Relay<\/strong> (\u00e0 privil\u00e9gier pour les frais r\u00e9duits).<\/p>\n<p data-start=\"1750\" data-end=\"1877\"><span style=\"font-size: 16px;\">Pour toute commande ou renseignement, envoyez nous un mail \u00e0 <\/span><a style=\"font-size: 16px;\" href=\"boutiquelds@gmail.com\">boutiquelds@gmail.com<\/a><\/p>\n<p>&nbsp;<\/p>\n<div class=\"x11i5rnm xat24cr x1mh8g0r x1vvkbs xtlvy1s x126k92a\">\n<div class=\"x11i5rnm xat24cr x1mh8g0r x1vvkbs xtlvy1s x126k92a\">\n<table>\n<tbody>\n<tr>\n<td><img loading=\"lazy\" decoding=\"async\" class=\"size-medium wp-image-11396 aligncenter\" src=\"https:\/\/levriers-du-sud.org\/boutique\/wp-content\/uploads\/2025\/10\/1-Bureau-Galgos-Couverture--300x145.jpg\" alt=\"\" width=\"300\" height=\"145\" srcset=\"https:\/\/levriers-du-sud.org\/boutique\/wp-content\/uploads\/2025\/10\/1-Bureau-Galgos-Couverture--300x145.jpg 300w, https:\/\/levriers-du-sud.org\/boutique\/wp-content\/uploads\/2025\/10\/1-Bureau-Galgos-Couverture--1024x495.jpg 1024w, https:\/\/levriers-du-sud.org\/boutique\/wp-content\/uploads\/2025\/10\/1-Bureau-Galgos-Couverture--768x371.jpg 768w, https:\/\/levriers-du-sud.org\/boutique\/wp-content\/uploads\/2025\/10\/1-Bureau-Galgos-Couverture-.jpg 1156w\" sizes=\"(max-width: 300px) 100vw, 300px\" \/><\/td>\n<td><img loading=\"lazy\" decoding=\"async\" class=\"wp-image-11397 size-medium aligncenter\" src=\"https:\/\/levriers-du-sud.org\/boutique\/wp-content\/uploads\/2025\/10\/2-Bureau-Galgos-Janvier-300x143.jpg\" alt=\"\" width=\"300\" height=\"143\" srcset=\"https:\/\/levriers-du-sud.org\/boutique\/wp-content\/uploads\/2025\/10\/2-Bureau-Galgos-Janvier-300x143.jpg 300w, https:\/\/levriers-du-sud.org\/boutique\/wp-content\/uploads\/2025\/10\/2-Bureau-Galgos-Janvier-1024x488.jpg 1024w, https:\/\/levriers-du-sud.org\/boutique\/wp-content\/uploads\/2025\/10\/2-Bureau-Galgos-Janvier-768x366.jpg 768w, https:\/\/levriers-du-sud.org\/boutique\/wp-content\/uploads\/2025\/10\/2-Bureau-Galgos-Janvier.jpg 1158w\" sizes=\"(max-width: 300px) 100vw, 300px\" \/><\/td>\n<td><img loading=\"lazy\" decoding=\"async\" class=\"wp-image-11398 size-medium aligncenter\" src=\"https:\/\/levriers-du-sud.org\/boutique\/wp-content\/uploads\/2025\/10\/3-Bureau-Galgos-Fevrier-300x144.jpg\" alt=\"\" width=\"300\" height=\"144\" srcset=\"https:\/\/levriers-du-sud.org\/boutique\/wp-content\/uploads\/2025\/10\/3-Bureau-Galgos-Fevrier-300x144.jpg 300w, https:\/\/levriers-du-sud.org\/boutique\/wp-content\/uploads\/2025\/10\/3-Bureau-Galgos-Fevrier-1024x490.jpg 1024w, https:\/\/levriers-du-sud.org\/boutique\/wp-content\/uploads\/2025\/10\/3-Bureau-Galgos-Fevrier-768x367.jpg 768w, https:\/\/levriers-du-sud.org\/boutique\/wp-content\/uploads\/2025\/10\/3-Bureau-Galgos-Fevrier.jpg 1183w\" sizes=\"(max-width: 300px) 100vw, 300px\" \/><\/td>\n<\/tr>\n<tr>\n<td><img loading=\"lazy\" decoding=\"async\" class=\"wp-image-11399 size-medium aligncenter\" src=\"https:\/\/levriers-du-sud.org\/boutique\/wp-content\/uploads\/2025\/10\/4-Bureau-Galgos-Mars-300x145.jpg\" alt=\"\" width=\"300\" height=\"145\" srcset=\"https:\/\/levriers-du-sud.org\/boutique\/wp-content\/uploads\/2025\/10\/4-Bureau-Galgos-Mars-300x145.jpg 300w, https:\/\/levriers-du-sud.org\/boutique\/wp-content\/uploads\/2025\/10\/4-Bureau-Galgos-Mars-1024x494.jpg 1024w, https:\/\/levriers-du-sud.org\/boutique\/wp-content\/uploads\/2025\/10\/4-Bureau-Galgos-Mars-768x370.jpg 768w, https:\/\/levriers-du-sud.org\/boutique\/wp-content\/uploads\/2025\/10\/4-Bureau-Galgos-Mars.jpg 1180w\" sizes=\"(max-width: 300px) 100vw, 300px\" \/><\/td>\n<td><img loading=\"lazy\" decoding=\"async\" class=\"wp-image-11400 size-medium aligncenter\" src=\"https:\/\/levriers-du-sud.org\/boutique\/wp-content\/uploads\/2025\/10\/5-Bureau-Galgos-Avril-300x143.jpg\" alt=\"\" width=\"300\" height=\"143\" srcset=\"https:\/\/levriers-du-sud.org\/boutique\/wp-content\/uploads\/2025\/10\/5-Bureau-Galgos-Avril-300x143.jpg 300w, https:\/\/levriers-du-sud.org\/boutique\/wp-content\/uploads\/2025\/10\/5-Bureau-Galgos-Avril-1024x488.jpg 1024w, https:\/\/levriers-du-sud.org\/boutique\/wp-content\/uploads\/2025\/10\/5-Bureau-Galgos-Avril-768x366.jpg 768w, https:\/\/levriers-du-sud.org\/boutique\/wp-content\/uploads\/2025\/10\/5-Bureau-Galgos-Avril.jpg 1180w\" sizes=\"(max-width: 300px) 100vw, 300px\" \/><\/td>\n<td><img loading=\"lazy\" decoding=\"async\" class=\"wp-image-11401 size-medium aligncenter\" src=\"https:\/\/levriers-du-sud.org\/boutique\/wp-content\/uploads\/2025\/10\/6-Bureau-Galgos-Mai-300x144.jpg\" alt=\"\" width=\"300\" height=\"144\" srcset=\"https:\/\/levriers-du-sud.org\/boutique\/wp-content\/uploads\/2025\/10\/6-Bureau-Galgos-Mai-300x144.jpg 300w, https:\/\/levriers-du-sud.org\/boutique\/wp-content\/uploads\/2025\/10\/6-Bureau-Galgos-Mai-1024x491.jpg 1024w, https:\/\/levriers-du-sud.org\/boutique\/wp-content\/uploads\/2025\/10\/6-Bureau-Galgos-Mai-768x369.jpg 768w, https:\/\/levriers-du-sud.org\/boutique\/wp-content\/uploads\/2025\/10\/6-Bureau-Galgos-Mai.jpg 1190w\" sizes=\"(max-width: 300px) 100vw, 300px\" \/><\/td>\n<\/tr>\n<tr>\n<td><img loading=\"lazy\" decoding=\"async\" class=\"wp-image-11402 size-medium aligncenter\" src=\"https:\/\/levriers-du-sud.org\/boutique\/wp-content\/uploads\/2025\/10\/7-Bureau-Galgos-Juin-300x147.jpg\" alt=\"\" width=\"300\" height=\"147\" srcset=\"https:\/\/levriers-du-sud.org\/boutique\/wp-content\/uploads\/2025\/10\/7-Bureau-Galgos-Juin-300x147.jpg 300w, https:\/\/levriers-du-sud.org\/boutique\/wp-content\/uploads\/2025\/10\/7-Bureau-Galgos-Juin-1024x502.jpg 1024w, https:\/\/levriers-du-sud.org\/boutique\/wp-content\/uploads\/2025\/10\/7-Bureau-Galgos-Juin-768x377.jpg 768w, https:\/\/levriers-du-sud.org\/boutique\/wp-content\/uploads\/2025\/10\/7-Bureau-Galgos-Juin.jpg 1174w\" sizes=\"(max-width: 300px) 100vw, 300px\" \/><\/td>\n<td><img loading=\"lazy\" decoding=\"async\" class=\"wp-image-11403 size-medium aligncenter\" src=\"https:\/\/levriers-du-sud.org\/boutique\/wp-content\/uploads\/2025\/10\/8-Bureau-Galgos-Juillet-300x144.jpg\" alt=\"\" width=\"300\" height=\"144\" srcset=\"https:\/\/levriers-du-sud.org\/boutique\/wp-content\/uploads\/2025\/10\/8-Bureau-Galgos-Juillet-300x144.jpg 300w, https:\/\/levriers-du-sud.org\/boutique\/wp-content\/uploads\/2025\/10\/8-Bureau-Galgos-Juillet-1024x490.jpg 1024w, https:\/\/levriers-du-sud.org\/boutique\/wp-content\/uploads\/2025\/10\/8-Bureau-Galgos-Juillet-768x368.jpg 768w, https:\/\/levriers-du-sud.org\/boutique\/wp-content\/uploads\/2025\/10\/8-Bureau-Galgos-Juillet.jpg 1186w\" sizes=\"(max-width: 300px) 100vw, 300px\" \/><\/td>\n<td><img loading=\"lazy\" decoding=\"async\" class=\"wp-image-11404 size-medium aligncenter\" src=\"https:\/\/levriers-du-sud.org\/boutique\/wp-content\/uploads\/2025\/10\/9-Bureau-Galgos-Aout-300x144.jpg\" alt=\"\" width=\"300\" height=\"144\" srcset=\"https:\/\/levriers-du-sud.org\/boutique\/wp-content\/uploads\/2025\/10\/9-Bureau-Galgos-Aout-300x144.jpg 300w, https:\/\/levriers-du-sud.org\/boutique\/wp-content\/uploads\/2025\/10\/9-Bureau-Galgos-Aout-1024x492.jpg 1024w, https:\/\/levriers-du-sud.org\/boutique\/wp-content\/uploads\/2025\/10\/9-Bureau-Galgos-Aout-768x369.jpg 768w, https:\/\/levriers-du-sud.org\/boutique\/wp-content\/uploads\/2025\/10\/9-Bureau-Galgos-Aout.jpg 1180w\" sizes=\"(max-width: 300px) 100vw, 300px\" \/><\/td>\n<\/tr>\n<tr>\n<td><img loading=\"lazy\" decoding=\"async\" class=\"wp-image-11405 size-medium aligncenter\" src=\"https:\/\/levriers-du-sud.org\/boutique\/wp-content\/uploads\/2025\/10\/10-Bureau-Galgos-Septembre-300x145.jpg\" alt=\"\" width=\"300\" height=\"145\" srcset=\"https:\/\/levriers-du-sud.org\/boutique\/wp-content\/uploads\/2025\/10\/10-Bureau-Galgos-Septembre-300x145.jpg 300w, https:\/\/levriers-du-sud.org\/boutique\/wp-content\/uploads\/2025\/10\/10-Bureau-Galgos-Septembre-1024x494.jpg 1024w, https:\/\/levriers-du-sud.org\/boutique\/wp-content\/uploads\/2025\/10\/10-Bureau-Galgos-Septembre-768x370.jpg 768w, https:\/\/levriers-du-sud.org\/boutique\/wp-content\/uploads\/2025\/10\/10-Bureau-Galgos-Septembre.jpg 1195w\" sizes=\"(max-width: 300px) 100vw, 300px\" \/><\/td>\n<td><img loading=\"lazy\" decoding=\"async\" class=\"wp-image-11406 size-medium aligncenter\" src=\"https:\/\/levriers-du-sud.org\/boutique\/wp-content\/uploads\/2025\/10\/11-Bureau-Galgos-Octobre-300x146.jpg\" alt=\"\" width=\"300\" height=\"146\" srcset=\"https:\/\/levriers-du-sud.org\/boutique\/wp-content\/uploads\/2025\/10\/11-Bureau-Galgos-Octobre-300x146.jpg 300w, https:\/\/levriers-du-sud.org\/boutique\/wp-content\/uploads\/2025\/10\/11-Bureau-Galgos-Octobre-1024x499.jpg 1024w, https:\/\/levriers-du-sud.org\/boutique\/wp-content\/uploads\/2025\/10\/11-Bureau-Galgos-Octobre-768x375.jpg 768w, https:\/\/levriers-du-sud.org\/boutique\/wp-content\/uploads\/2025\/10\/11-Bureau-Galgos-Octobre.jpg 1136w\" sizes=\"(max-width: 300px) 100vw, 300px\" \/><\/td>\n<td><img loading=\"lazy\" decoding=\"async\" class=\"wp-image-11407 size-medium aligncenter\" src=\"https:\/\/levriers-du-sud.org\/boutique\/wp-content\/uploads\/2025\/10\/12-Bureau-Galgos-Novembre-300x146.jpg\" alt=\"\" width=\"300\" height=\"146\" srcset=\"https:\/\/levriers-du-sud.org\/boutique\/wp-content\/uploads\/2025\/10\/12-Bureau-Galgos-Novembre-300x146.jpg 300w, https:\/\/levriers-du-sud.org\/boutique\/wp-content\/uploads\/2025\/10\/12-Bureau-Galgos-Novembre-1024x499.jpg 1024w, https:\/\/levriers-du-sud.org\/boutique\/wp-content\/uploads\/2025\/10\/12-Bureau-Galgos-Novembre-768x374.jpg 768w, https:\/\/levriers-du-sud.org\/boutique\/wp-content\/uploads\/2025\/10\/12-Bureau-Galgos-Novembre.jpg 1171w\" sizes=\"(max-width: 300px) 100vw, 300px\" \/><\/td>\n<\/tr>\n<tr>\n<td><img loading=\"lazy\" decoding=\"async\" class=\"wp-image-11408 size-medium aligncenter\" src=\"https:\/\/levriers-du-sud.org\/boutique\/wp-content\/uploads\/2025\/10\/13-Bureau-Galgos-Decembre-300x147.jpg\" alt=\"\" width=\"300\" height=\"147\" srcset=\"https:\/\/levriers-du-sud.org\/boutique\/wp-content\/uploads\/2025\/10\/13-Bureau-Galgos-Decembre-300x147.jpg 300w, https:\/\/levriers-du-sud.org\/boutique\/wp-content\/uploads\/2025\/10\/13-Bureau-Galgos-Decembre-1024x501.jpg 1024w, https:\/\/levriers-du-sud.org\/boutique\/wp-content\/uploads\/2025\/10\/13-Bureau-Galgos-Decembre-768x376.jpg 768w, https:\/\/levriers-du-sud.org\/boutique\/wp-content\/uploads\/2025\/10\/13-Bureau-Galgos-Decembre.jpg 1124w\" sizes=\"(max-width: 300px) 100vw, 300px\" \/><\/td>\n<\/tr>\n<\/tbody>\n<\/table>\n<\/div>\n<\/div>\n","protected":false},"excerpt":{"rendered":"<p>\u2013 50 % SUR LES AGENDAS ET CALENDRIERS (hors frais de port) Le calendrier de bureau Galgos 2026 est enfin<\/p>\n","protected":false},"author":2,"featured_media":0,"parent":0,"menu_order":0,"comment_status":"closed","ping_status":"closed","template":"","meta":{"footnotes":""},"class_list":["post-11338","page","type-page","status-publish","hentry"],"_links":{"self":[{"href":"https:\/\/levriers-du-sud.org\/boutique\/wp-json\/wp\/v2\/pages\/11338"}],"collection":[{"href":"https:\/\/levriers-du-sud.org\/boutique\/wp-json\/wp\/v2\/pages"}],"about":[{"href":"https:\/\/levriers-du-sud.org\/boutique\/wp-json\/wp\/v2\/types\/page"}],"author":[{"embeddable":true,"href":"https:\/\/levriers-du-sud.org\/boutique\/wp-json\/wp\/v2\/users\/2"}],"replies":[{"embeddable":true,"href":"https:\/\/levriers-du-sud.org\/boutique\/wp-json\/wp\/v2\/comments?post=11338"}],"version-history":[{"count":4,"href":"https:\/\/levriers-du-sud.org\/boutique\/wp-json\/wp\/v2\/pages\/11338\/revisions"}],"predecessor-version":[{"id":11568,"href":"https:\/\/levriers-du-sud.org\/boutique\/wp-json\/wp\/v2\/pages\/11338\/revisions\/11568"}],"wp:attachment":[{"href":"https:\/\/levriers-du-sud.org\/boutique\/wp-json\/wp\/v2\/media?parent=11338"}],"curies":[{"name":"wp","href":"https:\/\/api.w.org\/{rel}","templated":true}]}}