{"id":1182,"date":"2016-07-15T19:40:09","date_gmt":"2016-07-15T17:40:09","guid":{"rendered":"http:\/\/levriers-du-sud.org\/boutique\/?page_id=1182"},"modified":"2025-12-30T13:51:00","modified_gmt":"2025-12-30T12:51:00","slug":"commander","status":"publish","type":"page","link":"https:\/\/levriers-du-sud.org\/boutique\/commander\/","title":{"rendered":"<h1><span style=\"color: #eb542b;\"><strong>COMMANDER<\/strong><\/span><\/h1>"},"content":{"rendered":"<div class=\"textwidget\">\n<p>Notre boutique <strong>solidaire <\/strong>est \u00e0 but non lucratif\u00a0ce qui veut dire que le montant de<strong> tous<\/strong> vos achats est int\u00e9gralement revers\u00e9 au profit de notre association.<br \/>\nVous participerez ainsi \u00e0 soutenir nos actions pour les refuges en Espagne, les frais de sauvetage, les soins, l\u2019aide aux familles d\u2019accueil, etc&#8230;<br \/>\n<strong>La liste est longue !<\/strong><\/p>\n<p><strong>Retrouvez sur\u00a0<a href=\"http:\/\/www.levriers-du-sud.org\">www.levriers-du-sud.org<\/a> toutes les informations sur notre combat ainsi que tous les chiens que nous avons sorti de l\u2019enfer Espagnol et \u00e0 qui profitent ces ventes.<\/strong><\/p>\n<p>&nbsp;<\/p>\n<p><strong><span style=\"font-weight: 400;\">Pour commander, nous vous invitons \u00e0 envoyer un mail avec le nom de l\u2019article ainsi que le mode de paiement souhait\u00e9 \u00e0 <\/span><a href=\"mailto:boutiquelds@gmail.com\"><span style=\"font-weight: 400;\">boutiquelds@gmail.com<\/span><\/a><\/strong><\/p>\n<\/div>\n<p>Les envois sont possibles via <span style=\"text-decoration: underline;\"><strong>La Poste<\/strong><\/span>, <span style=\"text-decoration: underline;\"><strong>Mondial Relay<\/strong><\/span> ou <span style=\"text-decoration: underline;\"><strong>Relais Colis<\/strong><\/span>, pensez \u00e0 nous pr\u00e9ciser votre pr\u00e9f\u00e9rence d\u2019envoi lors de votre commande.<\/p>\n<div class=\"textwidget\">\n<p>&nbsp;<\/p>\n<p><span style=\"text-decoration: underline;\"><strong>Pour le r\u00e8glement, 3 possibilit\u00e9s :<\/strong><\/span><\/p>\n<ul>\n<li><strong>Par PayPal <\/strong>\u00e0 <a href=\"mailto:levriersdusud@gmail.com\">levriersdusud@gmail.com<\/a><\/li>\n<\/ul>\n<p>&nbsp;<\/p>\n<ul>\n<li><strong>Par virement<\/strong><\/li>\n<\/ul>\n<p>Cr\u00e9dit Agricole :<\/p>\n<p>IBAN :\u00a0<strong>FR76 1390 6000 0785 0318 6946 972<\/strong><\/p>\n<p>BIC :\u00a0\u00a0\u00a0<strong>AGRIFRPP839<\/strong><\/p>\n<p>&nbsp;<\/p>\n<ul>\n<li><strong>Par ch\u00e8que <\/strong>\u00e0 l&rsquo;ordre de <span style=\"text-decoration: underline;\">L\u00e9vriers du Sud,<\/span> \u00e0 envoyer \u00e0<\/li>\n<\/ul>\n<p><strong>L\u00e9vriers du Sud<br \/>\nchez <\/strong><strong>Marc Laury<br \/>\n24 Impasse des Sarcelles<br \/>\n38920 Crolles<\/strong><\/p>\n<p>&nbsp;<\/p>\n<p><strong>Nous vous remercions par avance de votre commande, chaque euro compte pour sauver nos L\u00e9vriers du sud !<\/strong><\/p>\n<\/div>\n","protected":false},"excerpt":{"rendered":"<p>Notre boutique solidaire est \u00e0 but non lucratif\u00a0ce qui veut dire que le montant de tous vos achats est int\u00e9gralement<\/p>\n","protected":false},"author":2,"featured_media":0,"parent":0,"menu_order":0,"comment_status":"closed","ping_status":"closed","template":"","meta":{"footnotes":""},"class_list":["post-1182","page","type-page","status-publish","hentry"],"_links":{"self":[{"href":"https:\/\/levriers-du-sud.org\/boutique\/wp-json\/wp\/v2\/pages\/1182"}],"collection":[{"href":"https:\/\/levriers-du-sud.org\/boutique\/wp-json\/wp\/v2\/pages"}],"about":[{"href":"https:\/\/levriers-du-sud.org\/boutique\/wp-json\/wp\/v2\/types\/page"}],"author":[{"embeddable":true,"href":"https:\/\/levriers-du-sud.org\/boutique\/wp-json\/wp\/v2\/users\/2"}],"replies":[{"embeddable":true,"href":"https:\/\/levriers-du-sud.org\/boutique\/wp-json\/wp\/v2\/comments?post=1182"}],"version-history":[{"count":29,"href":"https:\/\/levriers-du-sud.org\/boutique\/wp-json\/wp\/v2\/pages\/1182\/revisions"}],"predecessor-version":[{"id":11556,"href":"https:\/\/levriers-du-sud.org\/boutique\/wp-json\/wp\/v2\/pages\/1182\/revisions\/11556"}],"wp:attachment":[{"href":"https:\/\/levriers-du-sud.org\/boutique\/wp-json\/wp\/v2\/media?parent=1182"}],"curies":[{"name":"wp","href":"https:\/\/api.w.org\/{rel}","templated":true}]}}