{"id":2051,"date":"2016-10-10T18:01:22","date_gmt":"2016-10-10T16:01:22","guid":{"rendered":"http:\/\/levriers-du-sud.org\/boutique\/?page_id=2051"},"modified":"2022-01-13T20:42:05","modified_gmt":"2022-01-13T19:42:05","slug":"les-portes-clefs","status":"publish","type":"page","link":"https:\/\/levriers-du-sud.org\/boutique\/les-portes-clefs\/","title":{"rendered":"Les portes clefs"},"content":{"rendered":"<p>Retrouvez ici tous nos portes clefs (les tarifs inclus les FDP)<\/p>\n<p>&nbsp;<\/p>\n<p>&nbsp;<\/p>\n<p>B) Jolis porte clefs qui agr\u00e9menteront vos clefs, sacs,&#8230;.<\/p>\n<p>Prix de Vente : 2 \u20acuros le porte clef<\/p>\n<table>\n<tbody>\n<tr>\n<td><center><img loading=\"lazy\" decoding=\"async\" class=\"wp-image-2846 \" src=\"https:\/\/levriers-du-sud.org\/boutique\/wp-content\/uploads\/2021\/11\/porte-clef3.jpg\" alt=\"galgo\" width=\"392\" height=\"294\" \/><\/center><\/td>\n<td><center><img loading=\"lazy\" decoding=\"async\" class=\"wp-image-2847 \" src=\"https:\/\/levriers-du-sud.org\/boutique\/wp-content\/uploads\/2021\/11\/porte-clef4.jpg\" alt=\"podenco\" width=\"392\" height=\"294\" \/><\/center><\/td>\n<\/tr>\n<tr>\n<td style=\"text-align: center;\">Porte Clef de 1 \u00e0 10<\/td>\n<td style=\"text-align: center;\">Porte Clef 11 \u00e0 20<\/td>\n<\/tr>\n<\/tbody>\n<\/table>\n<hr \/>\n<p>C) Porte clefs en r\u00e9sine, plumes, graines ou coquillages &#8230;..<\/p>\n<p>Prix de Vente : 5 \u20acuros<\/p>\n<table>\n<tbody>\n<tr>\n<td><center><img loading=\"lazy\" decoding=\"async\" class=\"wp-image-2846 \" src=\"https:\/\/levriers-du-sud.org\/boutique\/wp-content\/uploads\/2021\/11\/251712197_912077239410714_808186284989538904_n-e1635803155570.jpg\" alt=\"galgo\" width=\"228\" height=\"304\" \/><\/center><\/td>\n<td><center><img loading=\"lazy\" decoding=\"async\" class=\"wp-image-2847 \" src=\"https:\/\/levriers-du-sud.org\/boutique\/wp-content\/uploads\/2021\/11\/251348506_211517344390309_3997130199020356461_n-e1635803162221.jpg\" alt=\"podenco\" width=\"232\" height=\"194\" \/><\/center><\/td>\n<td><center><img loading=\"lazy\" decoding=\"async\" class=\"wp-image-2848 \" src=\"https:\/\/levriers-du-sud.org\/boutique\/wp-content\/uploads\/2021\/11\/252593437_252034520309987_8322764711505127972_n-e1635803175342.jpg\" alt=\"verso\" width=\"237\" height=\"316\" \/><\/center><\/td>\n<\/tr>\n<tr>\n<td style=\"text-align: center;\">Porte Clef 1 : 12 cm<\/td>\n<td style=\"text-align: center;\">Porte Clef 2 : 14 cm<\/td>\n<td style=\"text-align: center;\">Porte Clef 3 : 14 cm<\/td>\n<\/tr>\n<\/tbody>\n<\/table>\n<p>&nbsp;<\/p>\n<table>\n<tbody>\n<tr>\n<td><center><img loading=\"lazy\" decoding=\"async\" class=\"wp-image-2847 \" src=\"https:\/\/levriers-du-sud.org\/boutique\/wp-content\/uploads\/2021\/11\/251021208_375749344297315_4657967415379042437_n-e1635803148780.jpg\" alt=\"podenco\" width=\"232\" height=\"194\" \/><\/center><\/td>\n<td><center><img loading=\"lazy\" decoding=\"async\" class=\"wp-image-2848 \" src=\"https:\/\/levriers-du-sud.org\/boutique\/wp-content\/uploads\/2021\/11\/250976537_888186952067488_6548734999782605888_n-e1635803140859.jpg\" alt=\"verso\" width=\"237\" height=\"316\" \/><\/center><\/td>\n<\/tr>\n<tr>\n<td style=\"text-align: center;\">Porte Clef 5 : 16 cm<\/td>\n<td style=\"text-align: center;\">Porte Clef 6 : 18 cm<\/td>\n<\/tr>\n<\/tbody>\n<\/table>\n<p>&nbsp;<\/p>\n<table>\n<tbody>\n<tr>\n<td><center><img loading=\"lazy\" decoding=\"async\" class=\"wp-image-2846 \" src=\"https:\/\/levriers-du-sud.org\/boutique\/wp-content\/uploads\/2021\/11\/porte-clef1.jpg\" alt=\"galgo\" width=\"228\" height=\"304\" \/><\/center><\/td>\n<td><center><img loading=\"lazy\" decoding=\"async\" class=\"wp-image-2847 \" src=\"https:\/\/levriers-du-sud.org\/boutique\/wp-content\/uploads\/2021\/11\/porte-clef2.jpg\" alt=\"podenco\" width=\"232\" height=\"194\" \/><\/center><\/td>\n<\/tr>\n<tr>\n<td style=\"text-align: center;\">Porte Clef 7<\/td>\n<td style=\"text-align: center;\">Porte Clef 8<\/td>\n<\/tr>\n<\/tbody>\n<\/table>\n<p>&nbsp;<\/p>\n<hr \/>\n<p>D) Porte cl\u00e9 en h\u00e9matite et t\u00eate de Podenco<\/p>\n<p>Prix de Vente : 8 \u20acuros<\/p>\n<table>\n<tbody>\n<tr>\n<td><center><img loading=\"lazy\" decoding=\"async\" class=\"wp-image-2846 \" src=\"https:\/\/levriers-du-sud.org\/boutique\/wp-content\/uploads\/2021\/11\/06.jpg\" alt=\"galgo\" width=\"228\" height=\"304\" \/><\/center><\/td>\n<\/tr>\n<tr>\n<td style=\"text-align: center;\">Porte Clef 1 Podenco : 18 cm<\/td>\n<\/tr>\n<\/tbody>\n<\/table>\n<p>&nbsp;<\/p>\n<hr \/>\n<p>E) Porte clefs en bois fait par un de nos b\u00e9n\u00e9voles<br \/>\nGalgos ou podencos sont \u00e0 disposition<br \/>\nPrix de vente 5 \u20acuros FDP compris<\/p>\n<table>\n<tbody>\n<tr>\n<td><center><img loading=\"lazy\" decoding=\"async\" class=\"wp-image-2846 \" src=\"https:\/\/levriers-du-sud.org\/boutique\/wp-content\/uploads\/2017\/11\/03-2.jpg\" alt=\"galgo\" width=\"200\" height=\"200\" \/><\/center><\/td>\n<td><center><img loading=\"lazy\" decoding=\"async\" class=\"wp-image-2847 \" src=\"https:\/\/levriers-du-sud.org\/boutique\/wp-content\/uploads\/2017\/11\/06-1.jpg\" alt=\"podenco\" width=\"232\" height=\"194\" \/><\/center><\/td>\n<td><center><img loading=\"lazy\" decoding=\"async\" class=\"wp-image-2848 \" src=\"https:\/\/levriers-du-sud.org\/boutique\/wp-content\/uploads\/2017\/11\/05-1.jpg\" alt=\"verso\" width=\"218\" height=\"192\" \/><\/center><\/td>\n<\/tr>\n<tr>\n<td style=\"text-align: center;\">galgo<\/td>\n<td style=\"text-align: center;\">podenco<\/td>\n<td style=\"text-align: center;\">verso<\/td>\n<\/tr>\n<\/tbody>\n<\/table>\n<hr \/>\n<p>&nbsp;<\/p>\n<p>&nbsp;<\/p>\n<p><img loading=\"lazy\" decoding=\"async\" class=\"size-medium wp-image-1039 alignright\" src=\"https:\/\/levriers-du-sud.org\/boutique\/wp-content\/uploads\/2016\/06\/i287104489211129715__szw565h3500_-300x225.jpg\" alt=\"Porte clef perso\" width=\"300\" height=\"225\" srcset=\"https:\/\/levriers-du-sud.org\/boutique\/wp-content\/uploads\/2016\/06\/i287104489211129715__szw565h3500_-300x225.jpg 300w, https:\/\/levriers-du-sud.org\/boutique\/wp-content\/uploads\/2016\/06\/i287104489211129715__szw565h3500_.jpg 565w\" sizes=\"(max-width: 300px) 100vw, 300px\" \/>F) Envoyez nous une photo par mail\u00a0et nous\u00a0vous en ferons ce joli porte-clef\u00a0personnalis\u00e9<\/p>\n<p>Un c\u00f4t\u00e9 avec le logo L\u00e9vriers du Sud, de l&rsquo;autre votre photo<\/p>\n<p>Possibilit\u00e9 toutes races, tout animaux,\u00a0mais aussi avec votre famille, vos amis, etc&#8230;<\/p>\n<p>En plastique, dimension 6 x 4 cm<\/p>\n<p>Prix de Vente : 4 \u20ac<\/p>\n<p>&nbsp;<\/p>\n<p>&nbsp;<\/p>\n<hr \/>\n<p><img loading=\"lazy\" decoding=\"async\" class=\"size-medium wp-image-2123 alignright\" src=\"https:\/\/levriers-du-sud.org\/boutique\/wp-content\/uploads\/2016\/10\/Jeton-caddi-300x212.jpg\" alt=\"jeton-caddi\" width=\"300\" height=\"212\" srcset=\"https:\/\/levriers-du-sud.org\/boutique\/wp-content\/uploads\/2016\/10\/Jeton-caddi-300x212.jpg 300w, https:\/\/levriers-du-sud.org\/boutique\/wp-content\/uploads\/2016\/10\/Jeton-caddi.jpg 565w\" sizes=\"(max-width: 300px) 100vw, 300px\" \/>G) Porte clef <strong>\u00ab\u00a0Jeton de caddie\u00a0\u00bb<\/strong> en cuir synth\u00e9tique avec le logo L\u00e9vriers du Sud<\/p>\n<p>Prix de Vente : 6 \u20ac<\/p>\n<p>&nbsp;<\/p>\n<p>&nbsp;<\/p>\n<p>&nbsp;<\/p>\n<p>&nbsp;<\/p>\n<hr \/>\n<p><img loading=\"lazy\" decoding=\"async\" class=\"size-full wp-image-2126 alignright\" src=\"https:\/\/levriers-du-sud.org\/boutique\/wp-content\/uploads\/2016\/10\/Galon.jpg\" alt=\"galon\" width=\"270\" height=\"170\" \/>H) Porte clef <strong>\u00ab\u00a0Galon l\u00e9vrier en course\u00a0\u00bb<\/strong><\/p>\n<p>Longueur 10 cm et 4,5 cm de large<\/p>\n<p>Prix de Vente : 7 \u20ac<\/p>\n<p>&nbsp;<\/p>\n<p>&nbsp;<\/p>\n<hr \/>\n<p><img loading=\"lazy\" decoding=\"async\" class=\"size-medium wp-image-2129 alignright\" src=\"https:\/\/levriers-du-sud.org\/boutique\/wp-content\/uploads\/2016\/10\/Rond-LDS-225x300.jpg\" alt=\"rond-lds\" width=\"225\" height=\"300\" srcset=\"https:\/\/levriers-du-sud.org\/boutique\/wp-content\/uploads\/2016\/10\/Rond-LDS-225x300.jpg 225w, https:\/\/levriers-du-sud.org\/boutique\/wp-content\/uploads\/2016\/10\/Rond-LDS.jpg 565w\" sizes=\"(max-width: 225px) 100vw, 225px\" \/>I) Porte clef rond <strong>\u00ab\u00a0L\u00e9vrier dans un c\u0153ur\u00a0\u00bb<\/strong><\/p>\n<p>Plusieurs coloris disponible et verso log L\u00e9vriers du Sud<\/p>\n<p>Prix de Vente :6 \u20ac<\/p>\n<p>&nbsp;<\/p>\n<p>&nbsp;<\/p>\n<p>&nbsp;<\/p>\n<p>&nbsp;<\/p>\n<p>&nbsp;<\/p>\n<hr \/>\n<p>&nbsp;<\/p>\n<p><img loading=\"lazy\" decoding=\"async\" class=\"size-medium wp-image-2139 alignright\" src=\"https:\/\/levriers-du-sud.org\/boutique\/wp-content\/uploads\/2016\/10\/Perle-rocaille-e1476203001601-137x300.jpg\" alt=\"perle-rocaille\" width=\"137\" height=\"300\" srcset=\"https:\/\/levriers-du-sud.org\/boutique\/wp-content\/uploads\/2016\/10\/Perle-rocaille-e1476203001601-137x300.jpg 137w, https:\/\/levriers-du-sud.org\/boutique\/wp-content\/uploads\/2016\/10\/Perle-rocaille-e1476203001601.jpg 190w\" sizes=\"(max-width: 137px) 100vw, 137px\" \/>J) Porte clef <strong>\u00ab\u00a0L\u00e9vrier en perle de rocaille\u00a0\u00bb<\/strong><\/p>\n<p>Noir ou brun<\/p>\n<p>Prix de Vente : 7 \u20ac<\/p>\n<p>&nbsp;<\/p>\n<p>&nbsp;<\/p>\n<p>&nbsp;<\/p>\n<p>&nbsp;<\/p>\n<p>&nbsp;<\/p>\n<hr \/>\n<p><img loading=\"lazy\" decoding=\"async\" class=\"size-full wp-image-1805 alignright\" src=\"https:\/\/levriers-du-sud.org\/boutique\/wp-content\/uploads\/2016\/09\/Grelot-chouette-e1476199506814.jpg\" alt=\"gi\" width=\"260\" height=\"132\" \/><\/p>\n<p>K) Porte clef <strong>\u00ab\u00a0Grelot chouette\u00a0\u00bb<\/strong><\/p>\n<p>Prix de Vente : 6 \u20ac<\/p>\n<p>2 de disponible<\/p>\n<p>&nbsp;<\/p>\n<p>&nbsp;<\/p>\n<hr \/>\n<p>L) Porte clef <strong>\u00ab\u00a0Bateau argent\u00e9\u00a0\u00bb<img loading=\"lazy\" decoding=\"async\" class=\"size-medium wp-image-1799 alignright\" src=\"https:\/\/levriers-du-sud.org\/boutique\/wp-content\/uploads\/2016\/09\/Bateau-argent\u00e9-204x300.jpg\" alt=\"bateau-argente\" width=\"204\" height=\"300\" srcset=\"https:\/\/levriers-du-sud.org\/boutique\/wp-content\/uploads\/2016\/09\/Bateau-argent\u00e9-204x300.jpg 204w, https:\/\/levriers-du-sud.org\/boutique\/wp-content\/uploads\/2016\/09\/Bateau-argent\u00e9.jpg 270w\" sizes=\"(max-width: 204px) 100vw, 204px\" \/><\/strong><\/p>\n<p>Prix de Vente : 6 \u20ac<\/p>\n<p>&nbsp;<\/p>\n<p>&nbsp;<\/p>\n<p>&nbsp;<\/p>\n<p>&nbsp;<\/p>\n<p>&nbsp;<\/p>\n<p>&nbsp;<\/p>\n<hr \/>\n<p>M) Porte clef <strong>\u00ab\u00a0Dauphin argent\u00e9\u00a0\u00bb<img loading=\"lazy\" decoding=\"async\" class=\"size-medium wp-image-1796 alignright\" src=\"https:\/\/levriers-du-sud.org\/boutique\/wp-content\/uploads\/2016\/09\/Dauphin-argent\u00e9-232x300.jpg\" alt=\"dauphin-argente\" width=\"232\" height=\"300\" srcset=\"https:\/\/levriers-du-sud.org\/boutique\/wp-content\/uploads\/2016\/09\/Dauphin-argent\u00e9-232x300.jpg 232w, https:\/\/levriers-du-sud.org\/boutique\/wp-content\/uploads\/2016\/09\/Dauphin-argent\u00e9.jpg 270w\" sizes=\"(max-width: 232px) 100vw, 232px\" \/><\/strong><\/p>\n<p>Prix de Vente : 6 \u20ac<\/p>\n<p>&nbsp;<\/p>\n<p>&nbsp;<\/p>\n<p>&nbsp;<\/p>\n<p>&nbsp;<\/p>\n<p>&nbsp;<\/p>\n<p>&nbsp;<\/p>\n<hr \/>\n<p><img loading=\"lazy\" decoding=\"async\" class=\"size-full wp-image-2098 alignright\" src=\"https:\/\/levriers-du-sud.org\/boutique\/wp-content\/uploads\/2016\/10\/Pcl-rond.jpg\" alt=\"pcl-rond\" width=\"270\" height=\"269\" srcset=\"https:\/\/levriers-du-sud.org\/boutique\/wp-content\/uploads\/2016\/10\/Pcl-rond.jpg 270w, https:\/\/levriers-du-sud.org\/boutique\/wp-content\/uploads\/2016\/10\/Pcl-rond-150x150.jpg 150w\" sizes=\"(max-width: 270px) 100vw, 270px\" \/>N) Porte clef rond <strong>\u00ab\u00a0Tipi\u00a0\u00bb, \u00ab\u00a0L\u00e9vrier\u00a0\u00bb, \u00ab\u00a0\u00c9volution de l&rsquo;homme\u00a0\u00bb et \u00ab\u00a0Cheval\u00a0\u00bb<br \/>\n<\/strong><\/p>\n<p>Prix de Vente : 5 \u20ac<\/p>\n<p>&nbsp;<\/p>\n<p>&nbsp;<\/p>\n<p>&nbsp;<\/p>\n<p>&nbsp;<\/p>\n<p>&nbsp;<\/p>\n<p>&nbsp;<\/p>\n<hr \/>\n<p><img loading=\"lazy\" decoding=\"async\" class=\"size-medium wp-image-2101 alignright\" src=\"https:\/\/levriers-du-sud.org\/boutique\/wp-content\/uploads\/2016\/10\/Pcl-plastque-fou-208x300.jpg\" alt=\"pcl-plastque-fou\" width=\"208\" height=\"300\" srcset=\"https:\/\/levriers-du-sud.org\/boutique\/wp-content\/uploads\/2016\/10\/Pcl-plastque-fou-208x300.jpg 208w, https:\/\/levriers-du-sud.org\/boutique\/wp-content\/uploads\/2016\/10\/Pcl-plastque-fou.jpg 270w\" sizes=\"(max-width: 208px) 100vw, 208px\" \/>O) Porte clef en plastique fou <strong>\u00ab\u00a0C\u0153ur\u00a0\u00bb, \u00ab\u00a0T\u00eate de mort\u00a0\u00bb, \u00ab\u00a0Hello Kitty\u00a0\u00bb ou \u00ab\u00a0Stitch\u00a0\u00bb<\/strong><strong><br \/>\n<\/strong><\/p>\n<p>Prix de Vente : 2 \u20ac<\/p>\n<p>&nbsp;<\/p>\n<p>&nbsp;<\/p>\n<p>&nbsp;<\/p>\n<p>&nbsp;<\/p>\n<p>&nbsp;<\/p>\n<p>&nbsp;<\/p>\n<hr \/>\n<p>P) Les porte clef <strong>\u00ab\u00a0Scoobidzels\u00a0\u00bb<img loading=\"lazy\" decoding=\"async\" class=\"size-full wp-image-1789 alignright\" src=\"https:\/\/levriers-du-sud.org\/boutique\/wp-content\/uploads\/2016\/09\/Scoobidzel.jpg\" alt=\"scoobidzel\" width=\"270\" height=\"270\" srcset=\"https:\/\/levriers-du-sud.org\/boutique\/wp-content\/uploads\/2016\/09\/Scoobidzel.jpg 270w, https:\/\/levriers-du-sud.org\/boutique\/wp-content\/uploads\/2016\/09\/Scoobidzel-150x150.jpg 150w\" sizes=\"(max-width: 270px) 100vw, 270px\" \/><\/strong><\/p>\n<p>Prix de Vente : 2 \u20ac<\/p>\n<p>&nbsp;<\/p>\n<p>&nbsp;<\/p>\n<p>&nbsp;<\/p>\n<p>&nbsp;<\/p>\n<p>&nbsp;<\/p>\n<p>&nbsp;<\/p>\n<hr \/>\n<p>Q) Les porte clef <strong>\u00ab\u00a0Scoobibonhomme\u00a0\u00bb<img loading=\"lazy\" decoding=\"async\" class=\"size-full wp-image-1793 alignright\" src=\"https:\/\/levriers-du-sud.org\/boutique\/wp-content\/uploads\/2016\/09\/Scoobibohomme.jpg\" alt=\"scoobibohomme\" width=\"270\" height=\"270\" srcset=\"https:\/\/levriers-du-sud.org\/boutique\/wp-content\/uploads\/2016\/09\/Scoobibohomme.jpg 270w, https:\/\/levriers-du-sud.org\/boutique\/wp-content\/uploads\/2016\/09\/Scoobibohomme-150x150.jpg 150w\" sizes=\"(max-width: 270px) 100vw, 270px\" \/><\/strong><\/p>\n<p>Prix de Vente : 2 \u20ac<\/p>\n<p>&nbsp;<\/p>\n<p>&nbsp;<\/p>\n<p>&nbsp;<\/p>\n<p>&nbsp;<\/p>\n<p>&nbsp;<\/p>\n<p><span style=\"color: #ff0000;\">scoubidou n \u00b01 vendu<\/span><\/p>\n<hr \/>\n<p>R) Les portes clef <strong>\u00ab\u00a0Scoobidou\u00a0\u00bb<img loading=\"lazy\" decoding=\"async\" class=\"size-medium wp-image-1784 alignright\" src=\"https:\/\/levriers-du-sud.org\/boutique\/wp-content\/uploads\/2016\/09\/Scoobidou-300x300.jpg\" alt=\"scoobidou\" width=\"300\" height=\"300\" srcset=\"https:\/\/levriers-du-sud.org\/boutique\/wp-content\/uploads\/2016\/09\/Scoobidou-300x300.jpg 300w, https:\/\/levriers-du-sud.org\/boutique\/wp-content\/uploads\/2016\/09\/Scoobidou-150x150.jpg 150w, https:\/\/levriers-du-sud.org\/boutique\/wp-content\/uploads\/2016\/09\/Scoobidou-768x768.jpg 768w, https:\/\/levriers-du-sud.org\/boutique\/wp-content\/uploads\/2016\/09\/Scoobidou.jpg 1024w\" sizes=\"(max-width: 300px) 100vw, 300px\" \/><\/strong><\/p>\n<p>Prix de Vente :2 \u20ac<\/p>\n<p>&nbsp;<\/p>\n<p>&nbsp;<\/p>\n<p>&nbsp;<\/p>\n<p>&nbsp;<\/p>\n<p>&nbsp;<\/p>\n<p><span style=\"color: #ff0000;\">Scoubidou n\u00b02 vendu<\/span><\/p>\n<hr \/>\n<p>S) Porte clef<strong> \u00ab\u00a0Perles miracles\u00a0\u00bb<img loading=\"lazy\" decoding=\"async\" class=\"size-full wp-image-1808 alignright\" src=\"https:\/\/levriers-du-sud.org\/boutique\/wp-content\/uploads\/2016\/09\/Perle-miracle.jpg\" alt=\"perle-miracle\" width=\"270\" height=\"270\" srcset=\"https:\/\/levriers-du-sud.org\/boutique\/wp-content\/uploads\/2016\/09\/Perle-miracle.jpg 270w, https:\/\/levriers-du-sud.org\/boutique\/wp-content\/uploads\/2016\/09\/Perle-miracle-150x150.jpg 150w\" sizes=\"(max-width: 270px) 100vw, 270px\" \/><\/strong><\/p>\n<p>Prix de Vente : 4 \u20ac<\/p>\n<p>&nbsp;<\/p>\n<p>&nbsp;<\/p>\n<p>&nbsp;<\/p>\n<p>&nbsp;<\/p>\n<p>&nbsp;<\/p>\n<p>&nbsp;<\/p>\n<hr \/>\n<p><img loading=\"lazy\" decoding=\"async\" class=\"size-full wp-image-2143 alignright\" src=\"https:\/\/levriers-du-sud.org\/boutique\/wp-content\/uploads\/2016\/10\/Lapin.jpg\" alt=\"lapin\" width=\"270\" height=\"270\" srcset=\"https:\/\/levriers-du-sud.org\/boutique\/wp-content\/uploads\/2016\/10\/Lapin.jpg 270w, https:\/\/levriers-du-sud.org\/boutique\/wp-content\/uploads\/2016\/10\/Lapin-150x150.jpg 150w\" sizes=\"(max-width: 270px) 100vw, 270px\" \/>T) Porte clef en bois <strong>\u00ab\u00a0Lapin et carotte\u00a0\u00bb<\/strong><\/p>\n<p>Prix de Vente : 6 \u20ac<\/p>\n<p>&nbsp;<\/p>\n<p>&nbsp;<\/p>\n<p>&nbsp;<\/p>\n<p>&nbsp;<\/p>\n<p>&nbsp;<\/p>\n<p>&nbsp;<\/p>\n<hr \/>\n<p><img loading=\"lazy\" decoding=\"async\" class=\"size-full wp-image-2148 alignright\" src=\"https:\/\/levriers-du-sud.org\/boutique\/wp-content\/uploads\/2016\/10\/Fille-garcon-1.jpg\" alt=\"fille-garcon\" width=\"270\" height=\"133\" \/>U) Porte clef en bois double face <strong>\u00ab\u00a0Fille-gar\u00e7on\u00a0\u00bb<\/strong><\/p>\n<p>Prix de Vente : 6 \u20ac<\/p>\n<p>&nbsp;<\/p>\n<p>&nbsp;<\/p>\n<hr \/>\n<p><img loading=\"lazy\" decoding=\"async\" class=\"size-full wp-image-2150 alignright\" src=\"https:\/\/levriers-du-sud.org\/boutique\/wp-content\/uploads\/2016\/10\/Fleur-strass.jpg\" alt=\"fleur-strass\" width=\"270\" height=\"135\" \/>V) Porte clef en bois double face <strong>\u00ab\u00a0Fleur et strass\u00a0\u00bb<\/strong><\/p>\n<p>Prix de Vente : 6 \u20ac<\/p>\n<p>&nbsp;<\/p>\n<p>&nbsp;<\/p>\n<hr \/>\n<p><img loading=\"lazy\" decoding=\"async\" class=\"size-full wp-image-2153 alignright\" src=\"https:\/\/levriers-du-sud.org\/boutique\/wp-content\/uploads\/2016\/10\/Caneton-carrotte.jpg\" alt=\"caneton-carrotte\" width=\"270\" height=\"137\" \/>W) Porte clef en bois double face <strong>\u00ab\u00a0Caneton et carotte\u00a0\u00bb<\/strong><\/p>\n<p>Prix de Vente : 6 \u20ac<\/p>\n<p>&nbsp;<\/p>\n<p>&nbsp;<\/p>\n<hr \/>\n<p><img loading=\"lazy\" decoding=\"async\" class=\"size-full wp-image-2156 alignright\" src=\"https:\/\/levriers-du-sud.org\/boutique\/wp-content\/uploads\/2016\/10\/Coussin-brod\u00e9.jpg\" alt=\"coussin-brode\" width=\"270\" height=\"194\" \/>X) Porte clef <strong>\u00ab\u00a0Coussin brod\u00e9\u00a0\u00bb<\/strong><\/p>\n<p>Prix de Vente : 10 \u20ac<\/p>\n<p>&nbsp;<\/p>\n<p>&nbsp;<\/p>\n<p>&nbsp;<\/p>\n<p>&nbsp;<\/p>\n<hr \/>\n<p>&nbsp;<\/p>\n","protected":false},"excerpt":{"rendered":"<p>Retrouvez ici tous nos portes clefs (les tarifs inclus les FDP) &nbsp; &nbsp; B) Jolis porte clefs qui agr\u00e9menteront vos<\/p>\n","protected":false},"author":2,"featured_media":0,"parent":0,"menu_order":0,"comment_status":"closed","ping_status":"closed","template":"","meta":{"footnotes":""},"class_list":["post-2051","page","type-page","status-publish","hentry"],"_links":{"self":[{"href":"https:\/\/levriers-du-sud.org\/boutique\/wp-json\/wp\/v2\/pages\/2051"}],"collection":[{"href":"https:\/\/levriers-du-sud.org\/boutique\/wp-json\/wp\/v2\/pages"}],"about":[{"href":"https:\/\/levriers-du-sud.org\/boutique\/wp-json\/wp\/v2\/types\/page"}],"author":[{"embeddable":true,"href":"https:\/\/levriers-du-sud.org\/boutique\/wp-json\/wp\/v2\/users\/2"}],"replies":[{"embeddable":true,"href":"https:\/\/levriers-du-sud.org\/boutique\/wp-json\/wp\/v2\/comments?post=2051"}],"version-history":[{"count":45,"href":"https:\/\/levriers-du-sud.org\/boutique\/wp-json\/wp\/v2\/pages\/2051\/revisions"}],"predecessor-version":[{"id":7802,"href":"https:\/\/levriers-du-sud.org\/boutique\/wp-json\/wp\/v2\/pages\/2051\/revisions\/7802"}],"wp:attachment":[{"href":"https:\/\/levriers-du-sud.org\/boutique\/wp-json\/wp\/v2\/media?parent=2051"}],"curies":[{"name":"wp","href":"https:\/\/api.w.org\/{rel}","templated":true}]}}