{"id":7252,"date":"2020-11-15T15:54:30","date_gmt":"2020-11-15T14:54:30","guid":{"rendered":"http:\/\/levriers-du-sud.org\/boutique\/?page_id=7252"},"modified":"2024-04-26T18:22:46","modified_gmt":"2024-04-26T16:22:46","slug":"mugs","status":"publish","type":"page","link":"https:\/\/levriers-du-sud.org\/boutique\/mugs\/","title":{"rendered":"MUGS"},"content":{"rendered":"<p>Le mug tient une place privil\u00e9gi\u00e9e.<\/p>\n<p>C&rsquo;est lui que l&rsquo;on retrouve en premier le matin quand on boit notre caf\u00e9 et parfois, il nous accompagne m\u00eame au travail.<\/p>\n<p>Le mug est incontournable ! Il saura apporter r\u00e9confort pour bien commencer la journ\u00e9e.<\/p>\n<p>Voici de beaux mugs avec \u00e0 l&rsquo;effigie de nos loulous.<\/p>\n<p>Alors n&rsquo;h\u00e9sitez plus, faites-vous plaisir !<\/p>\n<p><strong><span class=\" _2iem\" role=\"heading\" aria-level=\"4\">14\u20ac frais de port inclus<\/span><\/strong><\/p>\n<p style=\"text-align: left;\"><span class=\" _2iem\" role=\"heading\" aria-level=\"4\">Pour toutes commandes et renseignements <a href=\"mailto:boutiquelds@gmail.com\">boutiquelds@gmail.com<\/a><\/span><\/p>\n<p>&nbsp;<\/p>\n<table class=\" aligncenter\" style=\"height: 407px;\" width=\"413\">\n<tbody>\n<tr>\n<td><center><img loading=\"lazy\" decoding=\"async\" class=\"wp-image-2847 alignnone\" src=\"https:\/\/levriers-du-sud.org\/boutique\/wp-content\/uploads\/2020\/11\/2\u00e8me-face.jpg\" alt=\"1365\" width=\"217\" height=\"329\" \/><\/center><\/td>\n<\/tr>\n<tr>\n<td style=\"text-align: center;\">Mug Bleu, Rose clair, Rose fonc\u00e9, Violet<\/p>\n<p><strong><span style=\"color: #ff0000;\">c\u00f4t\u00e9 face : logo L\u00e9vriers du Sud sur chaque mugs\u00a0<\/span><\/strong><\/td>\n<\/tr>\n<\/tbody>\n<\/table>\n<p>&nbsp;<\/p>\n<table>\n<tbody>\n<tr>\n<td><center><img loading=\"lazy\" decoding=\"async\" class=\"wp-image-2847 aligncenter\" src=\"https:\/\/levriers-du-sud.org\/boutique\/wp-content\/uploads\/2020\/11\/bleu.jpg\" alt=\"1365\" width=\"244\" height=\"325\" \/><\/center><\/td>\n<td><center><img loading=\"lazy\" decoding=\"async\" class=\"wp-image-2847 aligncenter\" src=\"https:\/\/levriers-du-sud.org\/boutique\/wp-content\/uploads\/2020\/11\/rose-clair.jpg\" alt=\"1365\" width=\"229\" height=\"305\" \/><\/center><\/td>\n<td><center><img loading=\"lazy\" decoding=\"async\" class=\"wp-image-2847 aligncenter\" src=\"https:\/\/levriers-du-sud.org\/boutique\/wp-content\/uploads\/2020\/11\/rose-fonc\u00e9.jpg\" alt=\"1365\" width=\"230\" height=\"307\" \/><\/center><\/td>\n<td><center><img loading=\"lazy\" decoding=\"async\" class=\"wp-image-2847 aligncenter\" src=\"https:\/\/levriers-du-sud.org\/boutique\/wp-content\/uploads\/2020\/11\/violet.jpg\" alt=\"1365\" width=\"229\" height=\"306\" \/><\/center><\/td>\n<\/tr>\n<tr>\n<td style=\"text-align: center;\">Mug Bleu :<strong><span style=\"color: #ff0000;\"> c\u00f4t\u00e9 pile : 1 disponible<\/span><\/strong><\/td>\n<td style=\"text-align: center;\">Mug Rose Clair :<strong><span style=\"color: #ff0000;\"> c\u00f4t\u00e9 pile : 3 disponibles\u00a0<\/span><\/strong><\/td>\n<td style=\"text-align: center;\">Mug Rose Fonc\u00e9 :<strong><span style=\"color: #ff0000;\"> c\u00f4t\u00e9 pile : 4 disponibles\u00a0<\/span><\/strong><\/td>\n<td style=\"text-align: center;\">Mug Violet :<strong><span style=\"color: #ff0000;\"> c\u00f4t\u00e9 pile : 4 disponibles\u00a0<\/span><\/strong><\/td>\n<\/tr>\n<\/tbody>\n<\/table>\n<p>&nbsp;<\/p>\n<p>&nbsp;<\/p>\n<table>\n<tbody>\n<tr>\n<td><center><img loading=\"lazy\" decoding=\"async\" class=\"wp-image-2847 \" src=\"https:\/\/levriers-du-sud.org\/boutique\/wp-content\/uploads\/2020\/11\/mug-2.jpg\" alt=\"1365\" width=\"217\" height=\"329\" \/><\/center><\/td>\n<td><center><img loading=\"lazy\" decoding=\"async\" class=\"wp-image-2846 \" src=\"https:\/\/levriers-du-sud.org\/boutique\/wp-content\/uploads\/2020\/11\/mug-4.jpg\" alt=\"1361\" width=\"239\" height=\"359\" \/><\/center><\/td>\n<td><center><img loading=\"lazy\" decoding=\"async\" class=\"wp-image-2847 \" src=\"https:\/\/levriers-du-sud.org\/boutique\/wp-content\/uploads\/2020\/11\/mug-5.jpg\" alt=\"1365\" width=\"269\" height=\"336\" \/><\/center><\/td>\n<\/tr>\n<tr>\n<td style=\"text-align: center;\">Mug 1 :<strong><span style=\"color: #ff0000;\"> 1 de dispo<\/span><\/strong><\/td>\n<td style=\"text-align: center;\">Mug 2 : 1<span style=\"color: #ff0000;\"><strong>\u00a0de dispo<\/strong><\/span>, c\u00f4t\u00e9 pile<\/td>\n<td style=\"text-align: center;\">Mug 2 : 1<span style=\"color: #ff0000;\"><strong>\u00a0de dispo<\/strong><\/span>, c\u00f4t\u00e9 face<\/td>\n<\/tr>\n<\/tbody>\n<\/table>\n","protected":false},"excerpt":{"rendered":"<p>Le mug tient une place privil\u00e9gi\u00e9e. C&rsquo;est lui que l&rsquo;on retrouve en premier le matin quand on boit notre caf\u00e9<\/p>\n","protected":false},"author":2,"featured_media":0,"parent":0,"menu_order":0,"comment_status":"closed","ping_status":"closed","template":"","meta":{"footnotes":""},"class_list":["post-7252","page","type-page","status-publish","hentry"],"_links":{"self":[{"href":"https:\/\/levriers-du-sud.org\/boutique\/wp-json\/wp\/v2\/pages\/7252"}],"collection":[{"href":"https:\/\/levriers-du-sud.org\/boutique\/wp-json\/wp\/v2\/pages"}],"about":[{"href":"https:\/\/levriers-du-sud.org\/boutique\/wp-json\/wp\/v2\/types\/page"}],"author":[{"embeddable":true,"href":"https:\/\/levriers-du-sud.org\/boutique\/wp-json\/wp\/v2\/users\/2"}],"replies":[{"embeddable":true,"href":"https:\/\/levriers-du-sud.org\/boutique\/wp-json\/wp\/v2\/comments?post=7252"}],"version-history":[{"count":9,"href":"https:\/\/levriers-du-sud.org\/boutique\/wp-json\/wp\/v2\/pages\/7252\/revisions"}],"predecessor-version":[{"id":7303,"href":"https:\/\/levriers-du-sud.org\/boutique\/wp-json\/wp\/v2\/pages\/7252\/revisions\/7303"}],"wp:attachment":[{"href":"https:\/\/levriers-du-sud.org\/boutique\/wp-json\/wp\/v2\/media?parent=7252"}],"curies":[{"name":"wp","href":"https:\/\/api.w.org\/{rel}","templated":true}]}}