{"id":9117,"date":"2024-05-02T13:42:05","date_gmt":"2024-05-02T11:42:05","guid":{"rendered":"https:\/\/levriers-du-sud.org\/boutique\/?page_id=9117"},"modified":"2024-09-01T17:28:28","modified_gmt":"2024-09-01T15:28:28","slug":"les-martingales","status":"publish","type":"page","link":"https:\/\/levriers-du-sud.org\/boutique\/les-martingales\/","title":{"rendered":"<h1><span style=\"color: #eb542b;\"><strong>LES MARTINGALES<\/strong><\/span><\/h1>"},"content":{"rendered":"<p>Le l\u00e9vrier est une race de chien au physique singulier. Sa morphologie est particuli\u00e8re et m\u00e9rite toute notre attention.<br \/>\nEn effet, la largeur de son cou \u00e9tant \u00e9gale \u00e0 celle de sa t\u00eate, un collier standard ne saurait \u00eatre adapt\u00e9.<\/p>\n<p>Le collier martingale, plus large qu\u2019un collier traditionnel, permet une s\u00e9curit\u00e9 maximale tout en douceur. Son syst\u00e8me est r\u00e9glable pour venir s\u2019ajuster sans \u00e9trangler, et \u00e9viter ainsi l\u2019\u00e9vasion.<\/p>\n<p>Fabriqu\u00e9 \u00e0 la main par Lianette, notre b\u00e9n\u00e9vole et d\u00e9l\u00e9gu\u00e9e de r\u00e9gion !<\/p>\n<p>Si vous ne trouvez pas la taille dont vous avez besoin, envoyez-nous un mail \u00e0 <a href=\"mailto:boutiquelds@gmail.com\">boutiquelds@gmail.com<\/a>, il pourra peut-\u00eatre \u00eatre r\u00e9alis\u00e9 (les tarifs seront ajust\u00e9s en fonction de la taille).<\/p>\n<p>Tous les colliers pr\u00e9sents dans les albums sont disponibles, alors n&rsquo;h\u00e9sitez pas \u00e0 faire un beau cadeau \u00e0 votre compagnon pr\u00e9f\u00e9r\u00e9 !<\/p>\n<p>&nbsp;<\/p>\n<table class=\" aligncenter\" style=\"height: 403px;\" width=\"977\">\n<tbody>\n<tr>\n<td><a href=\"https:\/\/levriers-du-sud.org\/boutique\/les-martingales-4-cm\/\"><img loading=\"lazy\" decoding=\"async\" class=\"aligncenter\" src=\"https:\/\/levriers-du-sud.org\/boutique\/wp-content\/uploads\/2024\/05\/Martingale-Rubis-28-a-40cmx4cm-300x200.jpg\" alt=\"\" width=\"495\" height=\"330\" \/><\/a><\/td>\n<td><a href=\"https:\/\/levriers-du-sud.org\/boutique\/les-martingales-5-cm\/\"><img loading=\"lazy\" decoding=\"async\" class=\" wp-image-9118 aligncenter\" src=\"https:\/\/levriers-du-sud.org\/boutique\/wp-content\/uploads\/2024\/05\/Martingale-Moon-33-a-44cmx5cm-300x200.jpg\" alt=\"\" width=\"495\" height=\"330\" srcset=\"https:\/\/levriers-du-sud.org\/boutique\/wp-content\/uploads\/2024\/05\/Martingale-Moon-33-a-44cmx5cm-300x200.jpg 300w, https:\/\/levriers-du-sud.org\/boutique\/wp-content\/uploads\/2024\/05\/Martingale-Moon-33-a-44cmx5cm-1024x683.jpg 1024w, https:\/\/levriers-du-sud.org\/boutique\/wp-content\/uploads\/2024\/05\/Martingale-Moon-33-a-44cmx5cm-768x512.jpg 768w, https:\/\/levriers-du-sud.org\/boutique\/wp-content\/uploads\/2024\/05\/Martingale-Moon-33-a-44cmx5cm-1536x1024.jpg 1536w, https:\/\/levriers-du-sud.org\/boutique\/wp-content\/uploads\/2024\/05\/Martingale-Moon-33-a-44cmx5cm-2048x1365.jpg 2048w\" sizes=\"(max-width: 495px) 100vw, 495px\" \/><\/a><\/td>\n<\/tr>\n<tr>\n<td style=\"text-align: center;\">\n<h3><a href=\"https:\/\/levriers-du-sud.org\/boutique\/les-martingales-4-cm\/\">Les martingales largeur 4 cm<\/a><\/h3>\n<\/td>\n<td style=\"text-align: center;\">\n<h3><a href=\"https:\/\/levriers-du-sud.org\/boutique\/les-martingales-5-cm\/\">Les martingales largeur 5 cm<\/a><\/h3>\n<\/td>\n<\/tr>\n<\/tbody>\n<\/table>\n<h3><\/h3>\n","protected":false},"excerpt":{"rendered":"<p>Le l\u00e9vrier est une race de chien au physique singulier. Sa morphologie est particuli\u00e8re et m\u00e9rite toute notre attention. En<\/p>\n","protected":false},"author":2,"featured_media":0,"parent":0,"menu_order":0,"comment_status":"closed","ping_status":"closed","template":"","meta":{"footnotes":""},"class_list":["post-9117","page","type-page","status-publish","hentry"],"_links":{"self":[{"href":"https:\/\/levriers-du-sud.org\/boutique\/wp-json\/wp\/v2\/pages\/9117"}],"collection":[{"href":"https:\/\/levriers-du-sud.org\/boutique\/wp-json\/wp\/v2\/pages"}],"about":[{"href":"https:\/\/levriers-du-sud.org\/boutique\/wp-json\/wp\/v2\/types\/page"}],"author":[{"embeddable":true,"href":"https:\/\/levriers-du-sud.org\/boutique\/wp-json\/wp\/v2\/users\/2"}],"replies":[{"embeddable":true,"href":"https:\/\/levriers-du-sud.org\/boutique\/wp-json\/wp\/v2\/comments?post=9117"}],"version-history":[{"count":17,"href":"https:\/\/levriers-du-sud.org\/boutique\/wp-json\/wp\/v2\/pages\/9117\/revisions"}],"predecessor-version":[{"id":9971,"href":"https:\/\/levriers-du-sud.org\/boutique\/wp-json\/wp\/v2\/pages\/9117\/revisions\/9971"}],"wp:attachment":[{"href":"https:\/\/levriers-du-sud.org\/boutique\/wp-json\/wp\/v2\/media?parent=9117"}],"curies":[{"name":"wp","href":"https:\/\/api.w.org\/{rel}","templated":true}]}}