{"id":92,"date":"2016-04-27T18:59:25","date_gmt":"2016-04-27T16:59:25","guid":{"rendered":"http:\/\/levriers-du-sud.org\/boutique\/?page_id=92"},"modified":"2024-04-08T00:08:38","modified_gmt":"2024-04-07T22:08:38","slug":"accueil","status":"publish","type":"page","link":"https:\/\/levriers-du-sud.org\/boutique\/","title":{"rendered":"Accueil"},"content":{"rendered":"<div>\n<div class=\"cxmmr5t8 oygrvhab hcukyx3x c1et5uql o9v6fnle ii04i59q\"><\/div>\n<\/div>\n<div>\n<div class=\"cxmmr5t8 oygrvhab hcukyx3x c1et5uql o9v6fnle ii04i59q\">\n<div dir=\"auto\"><\/div>\n<div dir=\"auto\">Bienvenue sur notre boutique, n h\u00e9sitez pas \u00e0 regarder nos manteaux , nos colliers, nos harnais, nos laisses&#8230;<\/div>\n<\/div>\n<\/div>\n<div dir=\"auto\">\n<p>Certains des articles propos\u00e9s dans la boutique, sont cr\u00e9\u00e9s\u00a0 par des b\u00e9n\u00e9voles d\u00e9sireux d&rsquo;apporter leur aide aux l\u00e9vriers espagnols. L&rsquo;int\u00e9gralit\u00e9 des ventes est revers\u00e9e \u00e0 l\u2019association L\u00e9vriers Du Sud pour subvenir aux besoins des galgos et podencos encore en Espagne ou en accueil en France.<\/p>\n<p>Vous n&rsquo;avez qu&rsquo;un petit achat \u00e0 faire&#8230; aucun probl\u00e8me, n&rsquo;h\u00e9sitez surtout pas&#8230;<\/p>\n<\/div>\n<div dir=\"auto\">2 \u20ac c&rsquo;est le prix d&rsquo;une journ\u00e9e de pension pour un de nos loulous rest\u00e9 au refuge en Espagne, alors allez-y, m\u00eame un petit achat repr\u00e9sente beaucoup pour eux&#8230;<\/div>\n<div dir=\"auto\"><\/div>\n<div>\n<div class=\"cxmmr5t8 oygrvhab hcukyx3x c1et5uql o9v6fnle ii04i59q\">\n<div dir=\"auto\">Pour toutes commandes ou renseignements, contact : boutiquelds@gmail.com<\/div>\n<div dir=\"auto\"><\/div>\n<\/div>\n<\/div>\n<div><\/div>\n<div>[slideshow_deploy id=&rsquo;1051&prime;]<\/div>\n","protected":false},"excerpt":{"rendered":"<p>Bienvenue sur notre boutique, n h\u00e9sitez pas \u00e0 regarder nos manteaux , nos colliers, nos harnais, nos laisses&#8230; Certains des<\/p>\n","protected":false},"author":1,"featured_media":0,"parent":0,"menu_order":0,"comment_status":"closed","ping_status":"closed","template":"","meta":{"footnotes":""},"class_list":["post-92","page","type-page","status-publish","hentry"],"_links":{"self":[{"href":"https:\/\/levriers-du-sud.org\/boutique\/wp-json\/wp\/v2\/pages\/92"}],"collection":[{"href":"https:\/\/levriers-du-sud.org\/boutique\/wp-json\/wp\/v2\/pages"}],"about":[{"href":"https:\/\/levriers-du-sud.org\/boutique\/wp-json\/wp\/v2\/types\/page"}],"author":[{"embeddable":true,"href":"https:\/\/levriers-du-sud.org\/boutique\/wp-json\/wp\/v2\/users\/1"}],"replies":[{"embeddable":true,"href":"https:\/\/levriers-du-sud.org\/boutique\/wp-json\/wp\/v2\/comments?post=92"}],"version-history":[{"count":69,"href":"https:\/\/levriers-du-sud.org\/boutique\/wp-json\/wp\/v2\/pages\/92\/revisions"}],"predecessor-version":[{"id":4786,"href":"https:\/\/levriers-du-sud.org\/boutique\/wp-json\/wp\/v2\/pages\/92\/revisions\/4786"}],"wp:attachment":[{"href":"https:\/\/levriers-du-sud.org\/boutique\/wp-json\/wp\/v2\/media?parent=92"}],"curies":[{"name":"wp","href":"https:\/\/api.w.org\/{rel}","templated":true}]}}