{"id":9791,"date":"2024-08-19T21:42:04","date_gmt":"2024-08-19T19:42:04","guid":{"rendered":"https:\/\/levriers-du-sud.org\/boutique\/?page_id=9791"},"modified":"2026-02-02T11:15:46","modified_gmt":"2026-02-02T10:15:46","slug":"la-papeterie","status":"publish","type":"page","link":"https:\/\/levriers-du-sud.org\/boutique\/la-papeterie\/","title":{"rendered":"<h1><span style=\"color: #eb542b;\"><strong>LA PAPETERIE<\/strong><\/span><\/h1>"},"content":{"rendered":"<h2 data-start=\"294\" data-end=\"523\"><\/h2>\n<section style=\"max-width: 900px; margin: 40px auto; font-family: Arial, sans-serif;\">\n<h2 data-start=\"294\" data-end=\"523\">Les calendriers et agendas 2026 de <em data-start=\"333\" data-end=\"350\">L\u00e9vriers du Sud<\/em> sont de retour<\/h2>\n<h3><strong>&#8211; 50 % SUR LES AGENDAS ET CALENDRIERS\u00a0<\/strong>(hors frais de port)<\/h3>\n<p data-start=\"294\" data-end=\"523\">De nouveau cr\u00e9\u00e9s par <strong data-start=\"393\" data-end=\"406\">Christine<\/strong>, notre fid\u00e8le b\u00e9n\u00e9vole, ils mettent \u00e0 l\u2019honneur les <strong data-start=\"459\" data-end=\"518\">photos de nos galgos et podencos adopt\u00e9s ainsi que leurs copains<\/strong><\/p>\n<p data-start=\"525\" data-end=\"724\">De superbes clich\u00e9s pleins de douceur pour accompagner votre ann\u00e9e avec tendresse et solidarit\u00e9.<\/p>\n<p>Pour toutes commandes ou questions, veuillez nous envoyer le nom de l&rsquo;article concern\u00e9 par mail \u00e0\u00a0<a style=\"color: #eb542b; text-decoration: none;\" href=\"mailto:boutiquelds@gmail.com\">boutiquelds@gmail.com<\/a> et suivre les instructions que vous trouverez dans l&rsquo;onglet <a style=\"color: #eb542b; text-decoration: none;\" href=\"https:\/\/levriers-du-sud.org\/boutique\/commander\/\">\u00ab\u00a0COMMANDER\u00a0\u00bb<\/a><\/p>\n<p>&nbsp;<\/p>\n<div style=\"display: flex; gap: 30px; flex-wrap: wrap; justify-content: center; margin: 30px 0;\">\n<div style=\"background-color: #fff2ec; border-radius: 12px; padding: 20px; width: 270px; text-align: center;\"><a href=\"https:\/\/levriers-du-sud.org\/boutique\/calendrier-mural-podencos-2026\/\"><img loading=\"lazy\" decoding=\"async\" class=\"alignnone size-medium wp-image-11339\" src=\"https:\/\/levriers-du-sud.org\/boutique\/wp-content\/uploads\/2025\/10\/1-Mural-Podencos-Couverture-300x222.jpg\" alt=\"\" width=\"300\" height=\"222\" srcset=\"https:\/\/levriers-du-sud.org\/boutique\/wp-content\/uploads\/2025\/10\/1-Mural-Podencos-Couverture-300x222.jpg 300w, https:\/\/levriers-du-sud.org\/boutique\/wp-content\/uploads\/2025\/10\/1-Mural-Podencos-Couverture-768x569.jpg 768w, https:\/\/levriers-du-sud.org\/boutique\/wp-content\/uploads\/2025\/10\/1-Mural-Podencos-Couverture.jpg 859w\" sizes=\"(max-width: 300px) 100vw, 300px\" \/><\/a><br \/>\n<a href=\"https:\/\/levriers-du-sud.org\/boutique\/calendrier-mural-podencos-2026\/\"><strong>Muraux Podencos<\/strong><\/a><br \/>\nFormat A4 double page<a style=\"display: inline-block; width: 160px; margin-top: 10px; background-color: #eb542b; color: white; padding: 10px 20px; border-radius: 6px; text-decoration: none; text-align: center;\" href=\"https:\/\/levriers-du-sud.org\/boutique\/calendrier-mural-podencos-2026\/\">Voir plus<\/a><\/div>\n<div style=\"background-color: #fff2ec; border-radius: 12px; padding: 20px; width: 270px; text-align: center;\"><a href=\"https:\/\/levriers-du-sud.org\/boutique\/calendriers-de-bureau-galgos-2026\/\"><img loading=\"lazy\" decoding=\"async\" class=\"alignnone size-medium wp-image-11396\" src=\"https:\/\/levriers-du-sud.org\/boutique\/wp-content\/uploads\/2025\/10\/1-Bureau-Galgos-Couverture--300x145.jpg\" alt=\"\" width=\"300\" height=\"145\" srcset=\"https:\/\/levriers-du-sud.org\/boutique\/wp-content\/uploads\/2025\/10\/1-Bureau-Galgos-Couverture--300x145.jpg 300w, https:\/\/levriers-du-sud.org\/boutique\/wp-content\/uploads\/2025\/10\/1-Bureau-Galgos-Couverture--1024x495.jpg 1024w, https:\/\/levriers-du-sud.org\/boutique\/wp-content\/uploads\/2025\/10\/1-Bureau-Galgos-Couverture--768x371.jpg 768w, https:\/\/levriers-du-sud.org\/boutique\/wp-content\/uploads\/2025\/10\/1-Bureau-Galgos-Couverture-.jpg 1156w\" sizes=\"(max-width: 300px) 100vw, 300px\" \/><\/a><br \/>\n<a href=\"https:\/\/levriers-du-sud.org\/boutique\/calendriers-de-bureau-galgos-2026\/\"><strong>Bureau Galgos<\/strong><\/a><a style=\"display: inline-block; width: 160px; margin-top: 10px; background-color: #eb542b; color: white; padding: 10px 20px; border-radius: 6px; text-decoration: none; text-align: center;\" href=\"https:\/\/levriers-du-sud.org\/boutique\/calendriers-de-bureau-galgos-2026\/\">Voir plus<\/a><\/div>\n<p>&nbsp;<\/p>\n<div style=\"background-color: #fff2ec; border-radius: 12px; padding: 20px; width: 270px; text-align: center;\"><a href=\"https:\/\/levriers-du-sud.org\/boutique\/agendas-2026\/\"><img loading=\"lazy\" decoding=\"async\" class=\"alignnone size-medium wp-image-11434\" src=\"https:\/\/levriers-du-sud.org\/boutique\/wp-content\/uploads\/2025\/11\/Capture-decran-2025-11-03-180712-1-192x300.png\" alt=\"\" width=\"192\" height=\"300\" srcset=\"https:\/\/levriers-du-sud.org\/boutique\/wp-content\/uploads\/2025\/11\/Capture-decran-2025-11-03-180712-1-192x300.png 192w, https:\/\/levriers-du-sud.org\/boutique\/wp-content\/uploads\/2025\/11\/Capture-decran-2025-11-03-180712-1.png 552w\" sizes=\"(max-width: 192px) 100vw, 192px\" \/><\/a><br \/>\n<a href=\"https:\/\/levriers-du-sud.org\/boutique\/agendas-2026\/\"><strong>Agendas<\/strong><\/a><a style=\"display: inline-block; width: 160px; margin-top: 10px; background-color: #eb542b; color: white; padding: 10px 20px; border-radius: 6px; text-decoration: none; text-align: center;\" href=\"https:\/\/levriers-du-sud.org\/boutique\/agendas-2026\/\">Voir plus<\/a><\/div>\n<p>&nbsp;<\/p>\n<p>&nbsp;<\/p>\n<p>&nbsp;<\/p>\n<p>&nbsp;<\/p>\n<h2 style=\"color: #eb542b; margin-bottom: 20px;\">CARTES DE V\u0152UX PERSONNALIS\u00c9ES<\/h2>\n<div style=\"display: flex; gap: 30px; align-items: center; flex-wrap: wrap; background-color: #fff2ec; padding: 20px; border-radius: 12px;\"><img decoding=\"async\" style=\"width: 180px; border-radius: 10px;\" src=\"https:\/\/levriers-du-sud.org\/boutique\/wp-content\/uploads\/2024\/10\/Cartes-voeux-284x300.jpg\" alt=\"Cartes de voeux\" \/><br \/>\n<img decoding=\"async\" style=\"width: 180px; border-radius: 10px;\" src=\"https:\/\/levriers-du-sud.org\/boutique\/wp-content\/uploads\/2024\/10\/Cartes-voeux-message-1-222x300.jpg\" alt=\"Message verso\" \/><\/div>\n<div>\n<p style=\"font-size: 1.1em; font-weight: bold;\">Lot de 5 cartes : 10 \u20ac<\/p>\n<p>Message au dos \u2013 sp\u00e9cialement cr\u00e9\u00e9es pour <strong>L\u00e9vriers du Sud<\/strong><\/p>\n<p><a style=\"display: inline-block; width: 160px; margin-top: 10px; background-color: #eb542b; color: white; padding: 10px 20px; border-radius: 6px; text-decoration: none; text-align: center;\" href=\"https:\/\/levriers-du-sud.org\/boutique\/commander\/\">Commander<\/a><\/p>\n<\/div>\n<p>&nbsp;<\/p>\n<p>&nbsp;<\/p>\n<p>&nbsp;<\/p>\n<p>&nbsp;<\/p>\n<p>&nbsp;<\/p>\n<h2><\/h2>\n<h2><\/h2>\n<h2><\/h2>\n<h2 style=\"color: #eb542b; margin-bottom: 20px;\">MARQUE-PAGES<\/h2>\n<p>&nbsp;<\/p>\n<div style=\"display: flex; gap: 30px; align-items: center; flex-wrap: wrap; background-color: #fff2ec; padding: 20px; border-radius: 12px;\">\n<p><img decoding=\"async\" style=\"width: 200px; border-radius: 10px;\" src=\"https:\/\/levriers-du-sud.org\/boutique\/wp-content\/uploads\/2016\/10\/Marque-page.jpg\" alt=\"Marque-pages\" \/><\/p>\n<div>\n<p style=\"font-size: 1.1em;\"><strong>1 \u20ac pi\u00e8ce<\/strong> \u2013 <strong>0,80 \u20ac \u00e0 partir de 3<\/strong> (+ f.d.p.)<\/p>\n<p><a style=\"display: inline-block; width: 160px; margin-top: 10px; background-color: #eb542b; color: white; padding: 10px 20px; border-radius: 6px; text-decoration: none; text-align: center;\" href=\"https:\/\/levriers-du-sud.org\/boutique\/commander\/\">Commander<\/a><\/p>\n<\/div>\n<\/div>\n<hr style=\"margin: 50px 0;\" \/>\n<h2 style=\"color: #eb542b; margin-bottom: 20px;\">STYLOS L\u00c9VRIERS DU SUD<\/h2>\n<div style=\"display: flex; gap: 30px; align-items: center; flex-wrap: wrap; background-color: #fff2ec; padding: 20px; border-radius: 12px;\"><img decoding=\"async\" style=\"width: 200px; border-radius: 10px;\" src=\"https:\/\/levriers-du-sud.org\/boutique\/wp-content\/uploads\/2022\/11\/image-crayon-lds-e1668952547537.png\" alt=\"Stylo 1\" \/><br \/>\n<img decoding=\"async\" style=\"width: 200px; border-radius: 10px;\" src=\"https:\/\/levriers-du-sud.org\/boutique\/wp-content\/uploads\/2022\/11\/crayon-lds-e1668952653249.png\" alt=\"Stylo 2\" \/><\/p>\n<div>\n<p style=\"font-size: 1.1em; font-weight: bold;\">3 \u20ac l\u2019unit\u00e9 + f.d.p.<\/p>\n<p><a style=\"display: inline-block; width: 160px; margin-top: 10px; background-color: #eb542b; color: white; padding: 10px 20px; border-radius: 6px; text-decoration: none; text-align: center;\" href=\"https:\/\/levriers-du-sud.org\/boutique\/commander\/\">Commander<\/a><\/p>\n<\/div>\n<\/div>\n<\/div>\n<\/section>\n","protected":false},"excerpt":{"rendered":"<p>Les calendriers et agendas 2026 de L\u00e9vriers du Sud sont de retour &#8211; 50 % SUR LES AGENDAS ET CALENDRIERS\u00a0(hors<\/p>\n","protected":false},"author":2,"featured_media":0,"parent":0,"menu_order":0,"comment_status":"closed","ping_status":"closed","template":"","meta":{"footnotes":""},"class_list":["post-9791","page","type-page","status-publish","hentry"],"_links":{"self":[{"href":"https:\/\/levriers-du-sud.org\/boutique\/wp-json\/wp\/v2\/pages\/9791"}],"collection":[{"href":"https:\/\/levriers-du-sud.org\/boutique\/wp-json\/wp\/v2\/pages"}],"about":[{"href":"https:\/\/levriers-du-sud.org\/boutique\/wp-json\/wp\/v2\/types\/page"}],"author":[{"embeddable":true,"href":"https:\/\/levriers-du-sud.org\/boutique\/wp-json\/wp\/v2\/users\/2"}],"replies":[{"embeddable":true,"href":"https:\/\/levriers-du-sud.org\/boutique\/wp-json\/wp\/v2\/comments?post=9791"}],"version-history":[{"count":37,"href":"https:\/\/levriers-du-sud.org\/boutique\/wp-json\/wp\/v2\/pages\/9791\/revisions"}],"predecessor-version":[{"id":11582,"href":"https:\/\/levriers-du-sud.org\/boutique\/wp-json\/wp\/v2\/pages\/9791\/revisions\/11582"}],"wp:attachment":[{"href":"https:\/\/levriers-du-sud.org\/boutique\/wp-json\/wp\/v2\/media?parent=9791"}],"curies":[{"name":"wp","href":"https:\/\/api.w.org\/{rel}","templated":true}]}}