{"id":9817,"date":"2024-08-19T22:10:57","date_gmt":"2024-08-19T20:10:57","guid":{"rendered":"https:\/\/levriers-du-sud.org\/boutique\/?page_id=9817"},"modified":"2025-12-30T14:31:47","modified_gmt":"2025-12-30T13:31:47","slug":"les-harnais-bts","status":"publish","type":"page","link":"https:\/\/levriers-du-sud.org\/boutique\/les-harnais-bts\/","title":{"rendered":"<h1><span style=\"color: #eb542b;\"><strong>LES HARNAIS BTS<\/strong><\/span><\/h1>"},"content":{"rendered":"<h6>Vous trouverez ici les consignes pour prendre les mesures de votre compagnon ainsi que, de temps en temps, quelques harnais d\u00e9j\u00e0 en stock.<\/h6>\n<h6>Pour le coloris, vous avez le choix entre des sangles simples de 4 cm de large en jaune, noire, bleue ou rouge ; ou bien les diff\u00e9rents motifs que vous trouverez dans les cat\u00e9gories \u00ab MARTINGALES \u00bb (sp\u00e9cifi\u00e9s \u00ab Possible sur-mesure ou harnais \u00bb).<\/h6>\n<h6>Il ne vous restera plus qu&rsquo;\u00e0 nous faire un mail avec le nom du tissu et les mensurations de votre chien \u00e0 <a href=\"mailto:boutiquelds@gmail.com\">boutiquelds@gmail.com<\/a><\/h6>\n<h6><strong>29 \u20ac le harnais simple\u00a0<\/strong>(jaune, noir, bleu ou rouge) + 4,20 \u20ac via Mondial Relay<br \/>\n<strong>45 \u20ac le harnais \u00e0 motifs<\/strong> + 4,20 \u20ac via Mondial Relay<\/h6>\n<p>Tous nos harnais sont r\u00e9alis\u00e9s sur mesure et fabriqu\u00e9s par Lianette, b\u00e9n\u00e9vole et d\u00e9l\u00e9gu\u00e9e de r\u00e9gion.<\/p>\n<p>Possibilit\u00e9 de r\u00e9aliser des ensembles harnais + collier + laisse<\/p>\n<p>Pour toutes commandes ou questions, veuillez nous envoyer le nom de l&rsquo;article concern\u00e9 par mail \u00e0 <a href=\"mailto:boutiquelds@gmail.com\">boutiquelds@gmail.com<\/a> et suivre les instructions que vous trouverez dans l&rsquo;onglet <a href=\"https:\/\/levriers-du-sud.org\/boutique\/commander\/\">\u00ab\u00a0COMMANDER\u00a0\u00bb<\/a><\/p>\n<p>&nbsp;<\/p>\n<hr \/>\n<p><strong><span style=\"text-decoration: underline;\">Les harnais BTS<\/span> (ou 2 points) sont des harnais sp\u00e9cialement con\u00e7us pour les l\u00e9vriers <span style=\"text-decoration: underline;\">craintifs<\/span>.<\/strong><br \/>\n<strong>La sangle abdominale se situe en arri\u00e8re des c\u00f4tes, autour de la taille du chien, ce qui l&#8217;emp\u00eache d&rsquo;en sortir.<\/strong><\/p>\n<p>&nbsp;<\/p>\n<p><img loading=\"lazy\" decoding=\"async\" class=\"aligncenter wp-image-9538 size-full\" src=\"https:\/\/levriers-du-sud.org\/boutique\/wp-content\/uploads\/2024\/06\/Mesures-BTS-2-points.jpg\" alt=\"\" width=\"699\" height=\"487\" srcset=\"https:\/\/levriers-du-sud.org\/boutique\/wp-content\/uploads\/2024\/06\/Mesures-BTS-2-points.jpg 699w, https:\/\/levriers-du-sud.org\/boutique\/wp-content\/uploads\/2024\/06\/Mesures-BTS-2-points-300x209.jpg 300w, https:\/\/levriers-du-sud.org\/boutique\/wp-content\/uploads\/2024\/06\/Mesures-BTS-2-points-392x272.jpg 392w, https:\/\/levriers-du-sud.org\/boutique\/wp-content\/uploads\/2024\/06\/Mesures-BTS-2-points-130x90.jpg 130w\" sizes=\"(max-width: 699px) 100vw, 699px\" \/><\/p>\n<table class=\" aligncenter\" style=\"height: 376px;\" width=\"750\">\n<tbody>\n<tr>\n<td><center><img loading=\"lazy\" decoding=\"async\" class=\"wp-image-2846 aligncenter\" src=\"https:\/\/levriers-du-sud.org\/boutique\/wp-content\/uploads\/2016\/05\/i287104489200115447__msw270h202_szw270h202_.jpg\" alt=\"1361\" width=\"420\" height=\"300\" \/><\/center><\/td>\n<td><img loading=\"lazy\" decoding=\"async\" class=\" wp-image-10749 aligncenter\" src=\"https:\/\/levriers-du-sud.org\/boutique\/wp-content\/uploads\/2025\/03\/Expl-Harnais-BTS-rouge-300x169.jpeg\" alt=\"\" width=\"533\" height=\"300\" srcset=\"https:\/\/levriers-du-sud.org\/boutique\/wp-content\/uploads\/2025\/03\/Expl-Harnais-BTS-rouge-300x169.jpeg 300w, https:\/\/levriers-du-sud.org\/boutique\/wp-content\/uploads\/2025\/03\/Expl-Harnais-BTS-rouge-768x432.jpeg 768w, https:\/\/levriers-du-sud.org\/boutique\/wp-content\/uploads\/2025\/03\/Expl-Harnais-BTS-rouge.jpeg 923w\" sizes=\"(max-width: 533px) 100vw, 533px\" \/><\/td>\n<\/tr>\n<tr>\n<td style=\"text-align: center;\">Exemple port\u00e9 d&rsquo;un harnais \u00e0 motifs<\/td>\n<td style=\"text-align: center;\">Exemple port\u00e9 d&rsquo;un harnais \u00e0 sangles simples<\/td>\n<\/tr>\n<\/tbody>\n<\/table>\n","protected":false},"excerpt":{"rendered":"<p>Vous trouverez ici les consignes pour prendre les mesures de votre compagnon ainsi que, de temps en temps, quelques harnais<\/p>\n","protected":false},"author":2,"featured_media":0,"parent":0,"menu_order":0,"comment_status":"closed","ping_status":"closed","template":"","meta":{"footnotes":""},"class_list":["post-9817","page","type-page","status-publish","hentry"],"_links":{"self":[{"href":"https:\/\/levriers-du-sud.org\/boutique\/wp-json\/wp\/v2\/pages\/9817"}],"collection":[{"href":"https:\/\/levriers-du-sud.org\/boutique\/wp-json\/wp\/v2\/pages"}],"about":[{"href":"https:\/\/levriers-du-sud.org\/boutique\/wp-json\/wp\/v2\/types\/page"}],"author":[{"embeddable":true,"href":"https:\/\/levriers-du-sud.org\/boutique\/wp-json\/wp\/v2\/users\/2"}],"replies":[{"embeddable":true,"href":"https:\/\/levriers-du-sud.org\/boutique\/wp-json\/wp\/v2\/comments?post=9817"}],"version-history":[{"count":10,"href":"https:\/\/levriers-du-sud.org\/boutique\/wp-json\/wp\/v2\/pages\/9817\/revisions"}],"predecessor-version":[{"id":11559,"href":"https:\/\/levriers-du-sud.org\/boutique\/wp-json\/wp\/v2\/pages\/9817\/revisions\/11559"}],"wp:attachment":[{"href":"https:\/\/levriers-du-sud.org\/boutique\/wp-json\/wp\/v2\/media?parent=9817"}],"curies":[{"name":"wp","href":"https:\/\/api.w.org\/{rel}","templated":true}]}}