{"id":9818,"date":"2024-08-19T22:08:32","date_gmt":"2024-08-19T20:08:32","guid":{"rendered":"https:\/\/levriers-du-sud.org\/boutique\/?page_id=9818"},"modified":"2025-12-30T14:32:11","modified_gmt":"2025-12-30T13:32:11","slug":"les-harnais-3-points","status":"publish","type":"page","link":"https:\/\/levriers-du-sud.org\/boutique\/les-harnais-3-points\/","title":{"rendered":"<h1><span style=\"color: #eb542b;\"><strong>LES HARNAIS 3 POINTS<\/strong><\/span><\/h1>"},"content":{"rendered":"<h6>Vous trouverez ici les consignes pour prendre les mesures de votre compagnon ainsi que, de temps en temps, quelques harnais d\u00e9j\u00e0 en stock.<\/h6>\n<h6>Pour le coloris, vous avez le choix entre des sangles simples de 4 cm de large en jaune, noire, bleue ou rouge ; ou bien les diff\u00e9rents motifs que vous trouverez dans les cat\u00e9gories \u00ab MARTINGALES \u00bb (sp\u00e9cifi\u00e9s \u00ab Possible sur-mesure ou harnais \u00bb).<\/h6>\n<h6>Il ne vous restera plus qu&rsquo;\u00e0 nous faire un mail avec le nom du tissu et les mensurations de votre chien \u00e0 <a href=\"mailto:boutiquelds@gmail.com\">boutiquelds@gmail.com<\/a><\/h6>\n<h6><strong>29 \u20ac le harnais simple\u00a0<\/strong>(jaune, noir, bleu ou rouge) + 4,20 \u20ac via Mondial Relay<br \/>\n<strong>45 \u20ac le harnais \u00e0 motifs<\/strong> + 4,20 \u20ac via Mondial Relay<\/h6>\n<p>Tous nos harnais sont r\u00e9alis\u00e9s sur mesure et fabriqu\u00e9s par Lianette, b\u00e9n\u00e9vole et d\u00e9l\u00e9gu\u00e9e de r\u00e9gion.<\/p>\n<p>Possibilit\u00e9 de r\u00e9aliser des ensembles harnais + collier + laisse assortis<\/p>\n<p>Pour toutes commandes ou questions, veuillez nous envoyer le nom de l&rsquo;article concern\u00e9 par mail \u00e0 <a href=\"mailto:boutiquelds@gmail.com\">boutiquelds@gmail.com<\/a> et suivre les instructions que vous trouverez dans l&rsquo;onglet <a href=\"https:\/\/levriers-du-sud.org\/boutique\/commander\/\">\u00ab\u00a0COMMANDER\u00a0\u00bb<\/a><\/p>\n<p>&nbsp;<\/p>\n<hr \/>\n<p><strong><span style=\"text-decoration: underline;\">Les harnais 3 points<\/span> sont sp\u00e9cialement con\u00e7us pour la morphologie hors norme du l\u00e9vrier.<\/strong><br \/>\n<strong>Il poss\u00e8de de nombreux points de r\u00e9glages afin de maintenir parfaitement votre galgo ou podenco par le cou, la poitrine et le dos.<\/strong><br \/>\n<strong>Ce harnais est recommand\u00e9 pour les chiens <span style=\"text-decoration: underline;\">tr\u00e8s craintifs<\/span> qui, en cas de peur, pourraient facilement s&rsquo;\u00e9chapper.<\/strong><\/p>\n<p><img loading=\"lazy\" decoding=\"async\" class=\"aligncenter wp-image-9539 size-full\" src=\"https:\/\/levriers-du-sud.org\/boutique\/wp-content\/uploads\/2024\/06\/Mesures-BTS-3-points.jpg\" alt=\"\" width=\"696\" height=\"541\" srcset=\"https:\/\/levriers-du-sud.org\/boutique\/wp-content\/uploads\/2024\/06\/Mesures-BTS-3-points.jpg 696w, https:\/\/levriers-du-sud.org\/boutique\/wp-content\/uploads\/2024\/06\/Mesures-BTS-3-points-300x233.jpg 300w\" sizes=\"(max-width: 696px) 100vw, 696px\" \/><\/p>\n<table class=\" aligncenter\" style=\"height: 434px;\" width=\"307\">\n<tbody>\n<tr>\n<td><center><img loading=\"lazy\" decoding=\"async\" class=\" wp-image-2846 aligncenter\" src=\"https:\/\/levriers-du-sud.org\/boutique\/wp-content\/uploads\/2022\/09\/harnais-porte.jpg\" alt=\"1361\" width=\"297\" height=\"394\" \/><\/center><\/td>\n<\/tr>\n<tr>\n<td style=\"text-align: center;\">Exemple port\u00e9<\/td>\n<\/tr>\n<\/tbody>\n<\/table>\n","protected":false},"excerpt":{"rendered":"<p>Vous trouverez ici les consignes pour prendre les mesures de votre compagnon ainsi que, de temps en temps, quelques harnais<\/p>\n","protected":false},"author":2,"featured_media":0,"parent":0,"menu_order":0,"comment_status":"closed","ping_status":"closed","template":"","meta":{"footnotes":""},"class_list":["post-9818","page","type-page","status-publish","hentry"],"_links":{"self":[{"href":"https:\/\/levriers-du-sud.org\/boutique\/wp-json\/wp\/v2\/pages\/9818"}],"collection":[{"href":"https:\/\/levriers-du-sud.org\/boutique\/wp-json\/wp\/v2\/pages"}],"about":[{"href":"https:\/\/levriers-du-sud.org\/boutique\/wp-json\/wp\/v2\/types\/page"}],"author":[{"embeddable":true,"href":"https:\/\/levriers-du-sud.org\/boutique\/wp-json\/wp\/v2\/users\/2"}],"replies":[{"embeddable":true,"href":"https:\/\/levriers-du-sud.org\/boutique\/wp-json\/wp\/v2\/comments?post=9818"}],"version-history":[{"count":11,"href":"https:\/\/levriers-du-sud.org\/boutique\/wp-json\/wp\/v2\/pages\/9818\/revisions"}],"predecessor-version":[{"id":11560,"href":"https:\/\/levriers-du-sud.org\/boutique\/wp-json\/wp\/v2\/pages\/9818\/revisions\/11560"}],"wp:attachment":[{"href":"https:\/\/levriers-du-sud.org\/boutique\/wp-json\/wp\/v2\/media?parent=9818"}],"curies":[{"name":"wp","href":"https:\/\/api.w.org\/{rel}","templated":true}]}}