{"id":9830,"date":"2024-08-19T22:38:44","date_gmt":"2024-08-19T20:38:44","guid":{"rendered":"https:\/\/levriers-du-sud.org\/boutique\/?page_id=9830"},"modified":"2024-12-29T19:30:08","modified_gmt":"2024-12-29T18:30:08","slug":"les-harnais","status":"publish","type":"page","link":"https:\/\/levriers-du-sud.org\/boutique\/les-harnais\/","title":{"rendered":"<h1><span style=\"color: #eb542b;\"><strong>LES HARNAIS<\/strong><\/span><\/h1>"},"content":{"rendered":"<p>Tous nos harnais sont r\u00e9alis\u00e9s sur-mesure et fabriqu\u00e9s \u00e0 la main par Lianette, notre b\u00e9n\u00e9vole et d\u00e9l\u00e9gu\u00e9e de r\u00e9gion.<\/p>\n<p>Pour toutes commandes ou questions, veuillez nous envoyer le nom de l&rsquo;article concern\u00e9 par mail \u00e0 <a href=\"mailto:boutiquelds@gmail.com\">boutiquelds@gmail.com<\/a> et suivre les instructions que vous trouverez dans l&rsquo;onglet <a href=\"https:\/\/levriers-du-sud.org\/boutique\/commander\/\">\u00ab\u00a0COMMANDER\u00a0\u00bb<\/a><\/p>\n<p>&nbsp;<\/p>\n<h2><a href=\"https:\/\/levriers-du-sud.org\/boutique\/les-harnais-jtt\/\"><span style=\"text-decoration: underline;\"><span style=\"color: #eb542b; text-decoration: underline;\">HARNAIS JTT<\/span><\/span><\/a><\/h2>\n<p>Avec sangle abdominale sur les c\u00f4tes<\/p>\n<h2><\/h2>\n<h2><a href=\"https:\/\/levriers-du-sud.org\/boutique\/les-harnais-bts\/\"><span style=\"text-decoration: underline;\"><span style=\"color: #eb542b; text-decoration: underline;\">HARNAIS BTS ou 2 POINTS<\/span><\/span><\/a><\/h2>\n<p>Avec sangle abdominale \u00e0 l\u2019arri\u00e8re des c\u00f4tes<\/p>\n<h2><\/h2>\n<h2><a href=\"https:\/\/levriers-du-sud.org\/boutique\/les-harnais-3-points\/\"><span style=\"text-decoration: underline;\"><span style=\"color: #eb542b; text-decoration: underline;\">HARNAIS SECURITE 3 POINTS<\/span><\/span><\/a><\/h2>\n<p>Ce harnais est sp\u00e9cialement con\u00e7u pour la morphologie hors normes du l\u00e9vrier. Il poss\u00e8de de nombreux points de r\u00e9glages afin de maintenir parfaitement votre Galgo ou Podenco par le cou, la poitrine et le dos.<br \/>\nCe harnais est recommand\u00e9 pour les chiens tr\u00e8s craintifs qui, en cas de peur pourrait facilement s\u2019\u00e9chapper.<\/p>\n<h5><\/h5>\n<h5><span style=\"text-decoration: underline;\"><strong>Harnais + martingale + double laisses = s\u00e9curit\u00e9 maximum<\/strong><\/span><\/h5>\n<p>&nbsp;<\/p>\n<table class=\" aligncenter\" style=\"height: 346px;\" width=\"1300\">\n<tbody>\n<tr>\n<td><a href=\"https:\/\/levriers-du-sud.org\/boutique\/les-harnais-jtt\/\"><img loading=\"lazy\" decoding=\"async\" class=\" wp-image-9831 aligncenter\" src=\"https:\/\/levriers-du-sud.org\/boutique\/wp-content\/uploads\/2024\/08\/i287104489200115432__msw270h202_szw270h202_.jpg\" alt=\"\" width=\"351\" height=\"263\" \/><\/a><\/td>\n<td><a href=\"https:\/\/levriers-du-sud.org\/boutique\/les-harnais-bts\/\"><img loading=\"lazy\" decoding=\"async\" class=\" wp-image-9832 aligncenter\" src=\"https:\/\/levriers-du-sud.org\/boutique\/wp-content\/uploads\/2024\/08\/i287104489200115447__msw270h202_szw270h202_.jpg\" alt=\"\" width=\"351\" height=\"263\" \/><\/a><\/td>\n<td><a href=\"https:\/\/levriers-du-sud.org\/boutique\/les-harnais-3-points\/\"><img loading=\"lazy\" decoding=\"async\" class=\" wp-image-8311 aligncenter\" src=\"https:\/\/levriers-du-sud.org\/boutique\/wp-content\/uploads\/2022\/12\/harnais-droit-300x169.jpg\" alt=\"\" width=\"400\" height=\"225\" srcset=\"https:\/\/levriers-du-sud.org\/boutique\/wp-content\/uploads\/2022\/12\/harnais-droit-300x169.jpg 300w, https:\/\/levriers-du-sud.org\/boutique\/wp-content\/uploads\/2022\/12\/harnais-droit-1024x576.jpg 1024w, https:\/\/levriers-du-sud.org\/boutique\/wp-content\/uploads\/2022\/12\/harnais-droit-768x432.jpg 768w, https:\/\/levriers-du-sud.org\/boutique\/wp-content\/uploads\/2022\/12\/harnais-droit-1536x864.jpg 1536w, https:\/\/levriers-du-sud.org\/boutique\/wp-content\/uploads\/2022\/12\/harnais-droit.jpg 2048w\" sizes=\"(max-width: 400px) 100vw, 400px\" \/><\/a><\/td>\n<\/tr>\n<tr>\n<td style=\"text-align: center;\">\n<h3><a href=\"https:\/\/levriers-du-sud.org\/boutique\/les-harnais-jtt\/\">Les harnais JTT<\/a><\/h3>\n<\/td>\n<td style=\"text-align: center;\">\n<h3><a href=\"https:\/\/levriers-du-sud.org\/boutique\/les-harnais-bts\/\">Les harnais BTS<\/a><\/h3>\n<\/td>\n<td style=\"text-align: center;\">\n<h3><a href=\"https:\/\/levriers-du-sud.org\/boutique\/les-harnais-3-points\/\">Les harnais 3 points<\/a><\/h3>\n<\/td>\n<\/tr>\n<\/tbody>\n<\/table>\n<p>&nbsp;<\/p>\n","protected":false},"excerpt":{"rendered":"<p>Tous nos harnais sont r\u00e9alis\u00e9s sur-mesure et fabriqu\u00e9s \u00e0 la main par Lianette, notre b\u00e9n\u00e9vole et d\u00e9l\u00e9gu\u00e9e de r\u00e9gion. Pour<\/p>\n","protected":false},"author":2,"featured_media":0,"parent":0,"menu_order":0,"comment_status":"closed","ping_status":"closed","template":"","meta":{"footnotes":""},"class_list":["post-9830","page","type-page","status-publish","hentry"],"_links":{"self":[{"href":"https:\/\/levriers-du-sud.org\/boutique\/wp-json\/wp\/v2\/pages\/9830"}],"collection":[{"href":"https:\/\/levriers-du-sud.org\/boutique\/wp-json\/wp\/v2\/pages"}],"about":[{"href":"https:\/\/levriers-du-sud.org\/boutique\/wp-json\/wp\/v2\/types\/page"}],"author":[{"embeddable":true,"href":"https:\/\/levriers-du-sud.org\/boutique\/wp-json\/wp\/v2\/users\/2"}],"replies":[{"embeddable":true,"href":"https:\/\/levriers-du-sud.org\/boutique\/wp-json\/wp\/v2\/comments?post=9830"}],"version-history":[{"count":12,"href":"https:\/\/levriers-du-sud.org\/boutique\/wp-json\/wp\/v2\/pages\/9830\/revisions"}],"predecessor-version":[{"id":10477,"href":"https:\/\/levriers-du-sud.org\/boutique\/wp-json\/wp\/v2\/pages\/9830\/revisions\/10477"}],"wp:attachment":[{"href":"https:\/\/levriers-du-sud.org\/boutique\/wp-json\/wp\/v2\/media?parent=9830"}],"curies":[{"name":"wp","href":"https:\/\/api.w.org\/{rel}","templated":true}]}}